{"id":95,"date":"2018-12-14T16:52:43","date_gmt":"2018-12-14T16:52:43","guid":{"rendered":"https:\/\/stellecittadinanzaitaliana.com\/?page_id=95"},"modified":"2023-08-07T16:32:22","modified_gmt":"2023-08-07T16:32:22","slug":"servicos-realizados-no-brasil","status":"publish","type":"page","link":"https:\/\/stellecittadinanzaitaliana.com\/en\/servicos-realizados-no-brasil\/","title":{"rendered":"Brazil"},"content":{"rendered":"<p><\/p>\n<ul>\n<li>Search for documents<\/li>\n<li>Preparation of documentation<\/li>\n<li>Forwarding of documentation for sworn translation<\/li>\n<li>Forwarding of documentation for legalization (Hague Apostille)<\/li>\n<li>Advice for rectifications<\/li>\n<li>Rectifications<\/li>\n<\/ul>\n<p><\/p>","protected":false},"excerpt":{"rendered":"<p>Search for documents Preparation of documentation Forwarding of documentation for sworn translation Forwarding of documentation for legalization (Hague Apostille) Advice for rectifications Rectifications<\/p>\n","protected":false},"author":1,"featured_media":0,"parent":0,"menu_order":0,"comment_status":"closed","ping_status":"closed","template":"","meta":{"footnotes":""},"class_list":["post-95","page","type-page","status-publish","hentry","clearfix"],"yoast_head":"<!-- This site is optimized with the Yoast SEO plugin v23.0 - https:\/\/yoast.com\/wordpress\/plugins\/seo\/ -->\n<title>Brazil - Stelle Cidadania<\/title>\n<meta name=\"description\" content=\"Conhe\u00e7a nossos servi\u00e7os realizados no Brasil sobre o reconhecimento da cidadania italiana. Entre em contato com a gente e tire suas d\u00favidas\" \/>\n<meta name=\"robots\" content=\"index, follow, max-snippet:-1, max-image-preview:large, max-video-preview:-1\" \/>\n<link rel=\"canonical\" href=\"https:\/\/www.stellecittadinanzaitaliana.com\/servicos-realizados-no-brasil\/\" \/>\n<meta property=\"og:locale\" content=\"en_US\" \/>\n<meta property=\"og:type\" content=\"article\" \/>\n<meta property=\"og:title\" content=\"Brazil - Stelle Cidadania\" \/>\n<meta property=\"og:description\" content=\"Conhe\u00e7a nossos servi\u00e7os realizados no Brasil sobre o reconhecimento da cidadania italiana. Entre em contato com a gente e tire suas d\u00favidas\" \/>\n<meta property=\"og:url\" content=\"https:\/\/www.stellecittadinanzaitaliana.com\/servicos-realizados-no-brasil\/\" \/>\n<meta property=\"og:site_name\" content=\"Stelle Cidadania\" \/>\n<meta property=\"article:modified_time\" content=\"2023-08-07T16:32:22+00:00\" \/>\n<meta property=\"og:image\" content=\"https:\/\/stellecittadinanzaitaliana.com\/wp-content\/uploads\/2020\/05\/unnamed-300x152.png\" \/>\n<meta name=\"twitter:card\" content=\"summary_large_image\" \/>\n<meta name=\"twitter:label1\" content=\"Est. reading time\" \/>\n\t<meta name=\"twitter:data1\" content=\"1 minute\" \/>\n<script type=\"application\/ld+json\" class=\"yoast-schema-graph\">{\"@context\":\"https:\/\/schema.org\",\"@graph\":[{\"@type\":\"WebPage\",\"@id\":\"https:\/\/www.stellecittadinanzaitaliana.com\/servicos-realizados-no-brasil\/\",\"url\":\"https:\/\/www.stellecittadinanzaitaliana.com\/servicos-realizados-no-brasil\/\",\"name\":\"Brazil - Stelle Cidadania\",\"isPartOf\":{\"@id\":\"https:\/\/stellecittadinanzaitaliana.com\/#website\"},\"primaryImageOfPage\":{\"@id\":\"https:\/\/www.stellecittadinanzaitaliana.com\/servicos-realizados-no-brasil\/#primaryimage\"},\"image\":{\"@id\":\"https:\/\/www.stellecittadinanzaitaliana.com\/servicos-realizados-no-brasil\/#primaryimage\"},\"thumbnailUrl\":\"https:\/\/stellecittadinanzaitaliana.com\/wp-content\/uploads\/2020\/05\/unnamed-300x152.png\",\"datePublished\":\"2018-12-14T16:52:43+00:00\",\"dateModified\":\"2023-08-07T16:32:22+00:00\",\"description\":\"Conhe\u00e7a nossos servi\u00e7os realizados no Brasil sobre o reconhecimento da cidadania italiana. Entre em contato com a gente e tire suas d\u00favidas\",\"breadcrumb\":{\"@id\":\"https:\/\/www.stellecittadinanzaitaliana.com\/servicos-realizados-no-brasil\/#breadcrumb\"},\"inLanguage\":\"en-US\",\"potentialAction\":[{\"@type\":\"ReadAction\",\"target\":[\"https:\/\/www.stellecittadinanzaitaliana.com\/servicos-realizados-no-brasil\/\"]}]},{\"@type\":\"ImageObject\",\"inLanguage\":\"en-US\",\"@id\":\"https:\/\/www.stellecittadinanzaitaliana.com\/servicos-realizados-no-brasil\/#primaryimage\",\"url\":\"https:\/\/stellecittadinanzaitaliana.com\/wp-content\/uploads\/2020\/05\/unnamed-300x152.png\",\"contentUrl\":\"https:\/\/stellecittadinanzaitaliana.com\/wp-content\/uploads\/2020\/05\/unnamed-300x152.png\"},{\"@type\":\"BreadcrumbList\",\"@id\":\"https:\/\/www.stellecittadinanzaitaliana.com\/servicos-realizados-no-brasil\/#breadcrumb\",\"itemListElement\":[{\"@type\":\"ListItem\",\"position\":1,\"name\":\"In\u00edcio\",\"item\":\"https:\/\/stellecittadinanzaitaliana.com\/\"},{\"@type\":\"ListItem\",\"position\":2,\"name\":\"Brasil\"}]},{\"@type\":\"WebSite\",\"@id\":\"https:\/\/stellecittadinanzaitaliana.com\/#website\",\"url\":\"https:\/\/stellecittadinanzaitaliana.com\/\",\"name\":\"Stelle Cidadania\",\"description\":\"Cidadania Italiana\",\"publisher\":{\"@id\":\"https:\/\/stellecittadinanzaitaliana.com\/#organization\"},\"potentialAction\":[{\"@type\":\"SearchAction\",\"target\":{\"@type\":\"EntryPoint\",\"urlTemplate\":\"https:\/\/stellecittadinanzaitaliana.com\/?s={search_term_string}\"},\"query-input\":\"required name=search_term_string\"}],\"inLanguage\":\"en-US\"},{\"@type\":\"Organization\",\"@id\":\"https:\/\/stellecittadinanzaitaliana.com\/#organization\",\"name\":\"Stelle Cidadania\",\"url\":\"https:\/\/stellecittadinanzaitaliana.com\/\",\"logo\":{\"@type\":\"ImageObject\",\"inLanguage\":\"en-US\",\"@id\":\"https:\/\/stellecittadinanzaitaliana.com\/#\/schema\/logo\/image\/\",\"url\":\"https:\/\/stellecittadinanzaitaliana.com\/wp-content\/uploads\/2019\/01\/cropped-logo-stelle.png\",\"contentUrl\":\"https:\/\/stellecittadinanzaitaliana.com\/wp-content\/uploads\/2019\/01\/cropped-logo-stelle.png\",\"width\":200,\"height\":80,\"caption\":\"Stelle Cidadania\"},\"image\":{\"@id\":\"https:\/\/stellecittadinanzaitaliana.com\/#\/schema\/logo\/image\/\"}}]}<\/script>\n<!-- \/ Yoast SEO plugin. -->","yoast_head_json":{"title":"Brazil - Stelle Cidadania","description":"Conhe\u00e7a nossos servi\u00e7os realizados no Brasil sobre o reconhecimento da cidadania italiana. Entre em contato com a gente e tire suas d\u00favidas","robots":{"index":"index","follow":"follow","max-snippet":"max-snippet:-1","max-image-preview":"max-image-preview:large","max-video-preview":"max-video-preview:-1"},"canonical":"https:\/\/www.stellecittadinanzaitaliana.com\/servicos-realizados-no-brasil\/","og_locale":"en_US","og_type":"article","og_title":"Brazil - Stelle Cidadania","og_description":"Conhe\u00e7a nossos servi\u00e7os realizados no Brasil sobre o reconhecimento da cidadania italiana. Entre em contato com a gente e tire suas d\u00favidas","og_url":"https:\/\/www.stellecittadinanzaitaliana.com\/servicos-realizados-no-brasil\/","og_site_name":"Stelle Cidadania","article_modified_time":"2023-08-07T16:32:22+00:00","og_image":[{"url":"https:\/\/stellecittadinanzaitaliana.com\/wp-content\/uploads\/2020\/05\/unnamed-300x152.png"}],"twitter_card":"summary_large_image","twitter_misc":{"Est. reading time":"1 minute"},"schema":{"@context":"https:\/\/schema.org","@graph":[{"@type":"WebPage","@id":"https:\/\/www.stellecittadinanzaitaliana.com\/servicos-realizados-no-brasil\/","url":"https:\/\/www.stellecittadinanzaitaliana.com\/servicos-realizados-no-brasil\/","name":"Brazil - Stelle Cidadania","isPartOf":{"@id":"https:\/\/stellecittadinanzaitaliana.com\/#website"},"primaryImageOfPage":{"@id":"https:\/\/www.stellecittadinanzaitaliana.com\/servicos-realizados-no-brasil\/#primaryimage"},"image":{"@id":"https:\/\/www.stellecittadinanzaitaliana.com\/servicos-realizados-no-brasil\/#primaryimage"},"thumbnailUrl":"https:\/\/stellecittadinanzaitaliana.com\/wp-content\/uploads\/2020\/05\/unnamed-300x152.png","datePublished":"2018-12-14T16:52:43+00:00","dateModified":"2023-08-07T16:32:22+00:00","description":"Conhe\u00e7a nossos servi\u00e7os realizados no Brasil sobre o reconhecimento da cidadania italiana. Entre em contato com a gente e tire suas d\u00favidas","breadcrumb":{"@id":"https:\/\/www.stellecittadinanzaitaliana.com\/servicos-realizados-no-brasil\/#breadcrumb"},"inLanguage":"en-US","potentialAction":[{"@type":"ReadAction","target":["https:\/\/www.stellecittadinanzaitaliana.com\/servicos-realizados-no-brasil\/"]}]},{"@type":"ImageObject","inLanguage":"en-US","@id":"https:\/\/www.stellecittadinanzaitaliana.com\/servicos-realizados-no-brasil\/#primaryimage","url":"https:\/\/stellecittadinanzaitaliana.com\/wp-content\/uploads\/2020\/05\/unnamed-300x152.png","contentUrl":"https:\/\/stellecittadinanzaitaliana.com\/wp-content\/uploads\/2020\/05\/unnamed-300x152.png"},{"@type":"BreadcrumbList","@id":"https:\/\/www.stellecittadinanzaitaliana.com\/servicos-realizados-no-brasil\/#breadcrumb","itemListElement":[{"@type":"ListItem","position":1,"name":"In\u00edcio","item":"https:\/\/stellecittadinanzaitaliana.com\/"},{"@type":"ListItem","position":2,"name":"Brasil"}]},{"@type":"WebSite","@id":"https:\/\/stellecittadinanzaitaliana.com\/#website","url":"https:\/\/stellecittadinanzaitaliana.com\/","name":"Stelle Cidadania","description":"Cidadania Italiana","publisher":{"@id":"https:\/\/stellecittadinanzaitaliana.com\/#organization"},"potentialAction":[{"@type":"SearchAction","target":{"@type":"EntryPoint","urlTemplate":"https:\/\/stellecittadinanzaitaliana.com\/?s={search_term_string}"},"query-input":"required name=search_term_string"}],"inLanguage":"en-US"},{"@type":"Organization","@id":"https:\/\/stellecittadinanzaitaliana.com\/#organization","name":"Stelle Cidadania","url":"https:\/\/stellecittadinanzaitaliana.com\/","logo":{"@type":"ImageObject","inLanguage":"en-US","@id":"https:\/\/stellecittadinanzaitaliana.com\/#\/schema\/logo\/image\/","url":"https:\/\/stellecittadinanzaitaliana.com\/wp-content\/uploads\/2019\/01\/cropped-logo-stelle.png","contentUrl":"https:\/\/stellecittadinanzaitaliana.com\/wp-content\/uploads\/2019\/01\/cropped-logo-stelle.png","width":200,"height":80,"caption":"Stelle Cidadania"},"image":{"@id":"https:\/\/stellecittadinanzaitaliana.com\/#\/schema\/logo\/image\/"}}]}},"_links":{"self":[{"href":"https:\/\/stellecittadinanzaitaliana.com\/en\/wp-json\/wp\/v2\/pages\/95","targetHints":{"allow":["GET"]}}],"collection":[{"href":"https:\/\/stellecittadinanzaitaliana.com\/en\/wp-json\/wp\/v2\/pages"}],"about":[{"href":"https:\/\/stellecittadinanzaitaliana.com\/en\/wp-json\/wp\/v2\/types\/page"}],"author":[{"embeddable":true,"href":"https:\/\/stellecittadinanzaitaliana.com\/en\/wp-json\/wp\/v2\/users\/1"}],"replies":[{"embeddable":true,"href":"https:\/\/stellecittadinanzaitaliana.com\/en\/wp-json\/wp\/v2\/comments?post=95"}],"version-history":[{"count":5,"href":"https:\/\/stellecittadinanzaitaliana.com\/en\/wp-json\/wp\/v2\/pages\/95\/revisions"}],"predecessor-version":[{"id":1732,"href":"https:\/\/stellecittadinanzaitaliana.com\/en\/wp-json\/wp\/v2\/pages\/95\/revisions\/1732"}],"wp:attachment":[{"href":"https:\/\/stellecittadinanzaitaliana.com\/en\/wp-json\/wp\/v2\/media?parent=95"}],"curies":[{"name":"wp","href":"https:\/\/api.w.org\/{rel}","templated":true}]}}