{"id":84,"date":"2018-12-14T16:06:06","date_gmt":"2018-12-14T16:06:06","guid":{"rendered":"https:\/\/stellecittadinanzaitaliana.com\/?page_id=84"},"modified":"2020-07-27T22:31:03","modified_gmt":"2020-07-27T22:31:03","slug":"diferenca-do-reconhecimento-no-brasil-e-na-italia","status":"publish","type":"page","link":"https:\/\/stellecittadinanzaitaliana.com\/en\/diferenca-do-reconhecimento-no-brasil-e-na-italia\/","title":{"rendered":"Difference between recognition in Brazil and in Italy"},"content":{"rendered":"<p><\/p>\n<table cellspacing=\"0\" cellpadding=\"0\">\n<tbody>\n<tr>\n<td valign=\"middle\">Difference between recognition in Brazil and in Italy<\/td>\n<\/tr>\n<tr>\n<td valign=\"middle\">\n<table cellspacing=\"0\" cellpadding=\"0\">\n<tbody>\n<tr>\n<td valign=\"middle\"><b>DIFFERENCES IN PRICE<\/b><\/td>\n<td valign=\"middle\"><b>ITALIAN CITIZENSHIP<br \/>\nIN BRAZIL<\/b><\/td>\n<td valign=\"middle\"><b>ITALIAN CITIZENSHIP<br \/>\nIN ITALY<\/b><\/td>\n<\/tr>\n<\/tbody>\n<\/table>\n<\/td>\n<\/tr>\n<tr>\n<td valign=\"middle\">\n<table cellspacing=\"0\" cellpadding=\"0\">\n<tbody>\n<tr>\n<td valign=\"middle\">\n<table cellspacing=\"0\" cellpadding=\"0\">\n<tbody>\n<tr>\n<td valign=\"middle\">Delay<\/td>\n<td valign=\"middle\">In most Italian consulates more than 5 years.<\/td>\n<td valign=\"middle\">Usually 90 to 180 days.<\/td>\n<\/tr>\n<tr>\n<td valign=\"middle\">Cust<\/td>\n<td valign=\"middle\">Less than R $ 10,000.00<\/td>\n<td valign=\"middle\">More than R $ 20,000.00<\/td>\n<\/tr>\n<tr>\n<td valign=\"middle\">Italian Public Agency<\/td>\n<td valign=\"middle\">Italian Consulate<\/td>\n<td valign=\"middle\">Italian Consulate<br \/>\nQuestura<br \/>\nAnagrafe<br \/>\nSato Civile<\/p>\n<p>Prefectura<\/td>\n<\/tr>\n<tr>\n<td valign=\"middle\">Is it necessary to go to Italy?<\/td>\n<td valign=\"middle\">No<\/td>\n<td valign=\"middle\">Yes<\/td>\n<\/tr>\n<tr>\n<td valign=\"middle\">Is it necessary to legalize the documents?<\/td>\n<td valign=\"middle\">No<\/td>\n<td valign=\"middle\">Yes<\/td>\n<\/tr>\n<tr>\n<td valign=\"middle\">Is it necessary to translate the documents?<\/td>\n<td valign=\"middle\">Yes<\/td>\n<td valign=\"middle\">Yes<\/td>\n<\/tr>\n<tr>\n<td valign=\"middle\">Is it necessary to rectify the documents?<\/td>\n<td valign=\"middle\">Yes, depending on the severity of the errors<\/td>\n<td valign=\"middle\">Yes, depending on the severity of the errors<\/td>\n<\/tr>\n<tr>\n<td valign=\"middle\">Is it necessary to bring together all the documents?<\/td>\n<td valign=\"middle\">Yes<\/td>\n<td valign=\"middle\">Yes<\/td>\n<\/tr>\n<tr>\n<td valign=\"middle\">Can I have the Italian ID card?<\/td>\n<td valign=\"middle\">No<\/td>\n<td valign=\"middle\">Yes<\/td>\n<\/tr>\n<tr>\n<td valign=\"middle\">Can I have the Italian passport?<\/td>\n<td valign=\"middle\">Yes<\/td>\n<td valign=\"middle\">Yes<\/td>\n<\/tr>\n<tr>\n<td valign=\"middle\">Time to issue the Passport<\/td>\n<td valign=\"middle\">Weeks, but depends on scheduling at the consulates<\/td>\n<td valign=\"middle\">Between 2 and 3 weeks<\/td>\n<\/tr>\n<tr>\n<td valign=\"middle\">Do I need to introduce CNN?<\/td>\n<td valign=\"middle\">Yes<\/td>\n<td valign=\"middle\">Yes<\/td>\n<\/tr>\n<tr>\n<td valign=\"middle\">Can all family members participate in the process?<\/td>\n<td valign=\"middle\">Yes, it is enough to present the documents and to send applications of each relative<\/td>\n<td valign=\"middle\">Yes, provided that all (of legal age) travel to Italy and present the documents<\/td>\n<\/tr>\n<\/tbody>\n<\/table>\n<\/td>\n<\/tr>\n<\/tbody>\n<\/table>\n<\/td>\n<\/tr>\n<\/tbody>\n<\/table>\n<p><img loading=\"lazy\" decoding=\"async\" class=\"size-full wp-image-833 aligncenter\" src=\"https:\/\/stellecittadinanzaitaliana.com\/wp-content\/uploads\/2019\/02\/Diferen\u00e7a-Brasil-e-It\u00e1lia-2.png\" alt=\"\" width=\"465\" height=\"365\" srcset=\"https:\/\/stellecittadinanzaitaliana.com\/wp-content\/uploads\/2019\/02\/Diferen\u00e7a-Brasil-e-It\u00e1lia-2.png 465w, https:\/\/stellecittadinanzaitaliana.com\/wp-content\/uploads\/2019\/02\/Diferen\u00e7a-Brasil-e-It\u00e1lia-2-300x235.png 300w, https:\/\/stellecittadinanzaitaliana.com\/wp-content\/uploads\/2019\/02\/Diferen\u00e7a-Brasil-e-It\u00e1lia-2-360x283.png 360w, https:\/\/stellecittadinanzaitaliana.com\/wp-content\/uploads\/2019\/02\/Diferen\u00e7a-Brasil-e-It\u00e1lia-2-250x196.png 250w, https:\/\/stellecittadinanzaitaliana.com\/wp-content\/uploads\/2019\/02\/Diferen\u00e7a-Brasil-e-It\u00e1lia-2-100x78.png 100w\" sizes=\"auto, (max-width: 465px) 100vw, 465px\" \/><\/p>\n<p>If you are looking for an honest and serious company that provides advisory\/consulting services to carry out the process of recognition of Italian citizenship, with extreme quality, efficiency and agility, we are the best: Stelle Cittadinanza Italiana, we can help you.<\/p>\n<p>We are here to fulfill your dream of being an Italian citizen.<\/p>\n<p>We offer quality and seriousness in the provision of our services!<\/p>\n<p>Look for us (budget only by email).<\/p>","protected":false},"excerpt":{"rendered":"<p>Difference between recognition in Brazil and in Italy DIFFERENCES IN PRICE ITALIAN CITIZENSHIP IN BRAZIL ITALIAN CITIZENSHIP IN ITALY Delay In most Italian consulates more than 5 years. Usually 90 to 180 days. Cust Less than R $ 10,000.00 More [&hellip;]<\/p>\n","protected":false},"author":1,"featured_media":832,"parent":0,"menu_order":0,"comment_status":"closed","ping_status":"closed","template":"","meta":{"footnotes":""},"class_list":["post-84","page","type-page","status-publish","has-post-thumbnail","hentry","clearfix"],"yoast_head":"<!-- This site is optimized with the Yoast SEO plugin v23.0 - https:\/\/yoast.com\/wordpress\/plugins\/seo\/ -->\n<title>Difference between recognition in Brazil and in Italy - Stelle Cidadania<\/title>\n<meta name=\"description\" content=\"(Portugu\u00eas do Brasil) Diferen\u00e7a do processo de reconhecimento da Cidadania Italiana no Brasil (via tribunal) e na It\u00e1lia. Confira e tire suas d\u00favidas!\" \/>\n<meta name=\"robots\" content=\"index, follow, max-snippet:-1, max-image-preview:large, max-video-preview:-1\" \/>\n<link rel=\"canonical\" href=\"https:\/\/www.stellecittadinanzaitaliana.com\/en\/diferenca-do-reconhecimento-no-brasil-e-na-italia\/\" \/>\n<meta property=\"og:locale\" content=\"en_US\" \/>\n<meta property=\"og:type\" content=\"article\" \/>\n<meta property=\"og:title\" content=\"Difference between recognition in Brazil and in Italy - Stelle Cidadania\" \/>\n<meta property=\"og:description\" content=\"(Portugu\u00eas do Brasil) Diferen\u00e7a do processo de reconhecimento da Cidadania Italiana no Brasil (via tribunal) e na It\u00e1lia. Confira e tire suas d\u00favidas!\" \/>\n<meta property=\"og:url\" content=\"https:\/\/www.stellecittadinanzaitaliana.com\/en\/diferenca-do-reconhecimento-no-brasil-e-na-italia\/\" \/>\n<meta property=\"og:site_name\" content=\"Stelle Cidadania\" \/>\n<meta property=\"article:modified_time\" content=\"2020-07-27T22:31:03+00:00\" \/>\n<meta property=\"og:image\" content=\"https:\/\/stellecittadinanzaitaliana.com\/wp-content\/uploads\/2019\/02\/Diferen\u00e7a-Brasil-e-It\u00e1lia-1.jpg\" \/>\n\t<meta property=\"og:image:width\" content=\"777\" \/>\n\t<meta property=\"og:image:height\" content=\"443\" \/>\n\t<meta property=\"og:image:type\" content=\"image\/jpeg\" \/>\n<meta name=\"twitter:card\" content=\"summary_large_image\" \/>\n<meta name=\"twitter:label1\" content=\"Est. reading time\" \/>\n\t<meta name=\"twitter:data1\" content=\"3 minutes\" \/>\n<script type=\"application\/ld+json\" class=\"yoast-schema-graph\">{\"@context\":\"https:\/\/schema.org\",\"@graph\":[{\"@type\":\"WebPage\",\"@id\":\"https:\/\/www.stellecittadinanzaitaliana.com\/en\/diferenca-do-reconhecimento-no-brasil-e-na-italia\/\",\"url\":\"https:\/\/www.stellecittadinanzaitaliana.com\/en\/diferenca-do-reconhecimento-no-brasil-e-na-italia\/\",\"name\":\"Difference between recognition in Brazil and in Italy - Stelle Cidadania\",\"isPartOf\":{\"@id\":\"https:\/\/stellecittadinanzaitaliana.com\/#website\"},\"primaryImageOfPage\":{\"@id\":\"https:\/\/www.stellecittadinanzaitaliana.com\/en\/diferenca-do-reconhecimento-no-brasil-e-na-italia\/#primaryimage\"},\"image\":{\"@id\":\"https:\/\/www.stellecittadinanzaitaliana.com\/en\/diferenca-do-reconhecimento-no-brasil-e-na-italia\/#primaryimage\"},\"thumbnailUrl\":\"https:\/\/stellecittadinanzaitaliana.com\/wp-content\/uploads\/2019\/02\/Diferen\u00e7a-Brasil-e-It\u00e1lia-1.jpg\",\"datePublished\":\"2018-12-14T16:06:06+00:00\",\"dateModified\":\"2020-07-27T22:31:03+00:00\",\"description\":\"(Portugu\u00eas do Brasil) Diferen\u00e7a do processo de reconhecimento da Cidadania Italiana no Brasil (via tribunal) e na It\u00e1lia. Confira e tire suas d\u00favidas!\",\"breadcrumb\":{\"@id\":\"https:\/\/www.stellecittadinanzaitaliana.com\/en\/diferenca-do-reconhecimento-no-brasil-e-na-italia\/#breadcrumb\"},\"inLanguage\":\"en-US\",\"potentialAction\":[{\"@type\":\"ReadAction\",\"target\":[\"https:\/\/www.stellecittadinanzaitaliana.com\/en\/diferenca-do-reconhecimento-no-brasil-e-na-italia\/\"]}]},{\"@type\":\"ImageObject\",\"inLanguage\":\"en-US\",\"@id\":\"https:\/\/www.stellecittadinanzaitaliana.com\/en\/diferenca-do-reconhecimento-no-brasil-e-na-italia\/#primaryimage\",\"url\":\"https:\/\/stellecittadinanzaitaliana.com\/wp-content\/uploads\/2019\/02\/Diferen\u00e7a-Brasil-e-It\u00e1lia-1.jpg\",\"contentUrl\":\"https:\/\/stellecittadinanzaitaliana.com\/wp-content\/uploads\/2019\/02\/Diferen\u00e7a-Brasil-e-It\u00e1lia-1.jpg\",\"width\":777,\"height\":443,\"caption\":\"Diferen\u00e7a do reconhecimento no Brasil e na It\u00e1lia\"},{\"@type\":\"BreadcrumbList\",\"@id\":\"https:\/\/www.stellecittadinanzaitaliana.com\/en\/diferenca-do-reconhecimento-no-brasil-e-na-italia\/#breadcrumb\",\"itemListElement\":[{\"@type\":\"ListItem\",\"position\":1,\"name\":\"In\u00edcio\",\"item\":\"https:\/\/stellecittadinanzaitaliana.com\/\"},{\"@type\":\"ListItem\",\"position\":2,\"name\":\"Difference between recognition in Brazil and in Italy\"}]},{\"@type\":\"WebSite\",\"@id\":\"https:\/\/stellecittadinanzaitaliana.com\/#website\",\"url\":\"https:\/\/stellecittadinanzaitaliana.com\/\",\"name\":\"Stelle Cidadania\",\"description\":\"Cidadania Italiana\",\"publisher\":{\"@id\":\"https:\/\/stellecittadinanzaitaliana.com\/#organization\"},\"potentialAction\":[{\"@type\":\"SearchAction\",\"target\":{\"@type\":\"EntryPoint\",\"urlTemplate\":\"https:\/\/stellecittadinanzaitaliana.com\/?s={search_term_string}\"},\"query-input\":\"required name=search_term_string\"}],\"inLanguage\":\"en-US\"},{\"@type\":\"Organization\",\"@id\":\"https:\/\/stellecittadinanzaitaliana.com\/#organization\",\"name\":\"Stelle Cidadania\",\"url\":\"https:\/\/stellecittadinanzaitaliana.com\/\",\"logo\":{\"@type\":\"ImageObject\",\"inLanguage\":\"en-US\",\"@id\":\"https:\/\/stellecittadinanzaitaliana.com\/#\/schema\/logo\/image\/\",\"url\":\"https:\/\/stellecittadinanzaitaliana.com\/wp-content\/uploads\/2019\/01\/cropped-logo-stelle.png\",\"contentUrl\":\"https:\/\/stellecittadinanzaitaliana.com\/wp-content\/uploads\/2019\/01\/cropped-logo-stelle.png\",\"width\":200,\"height\":80,\"caption\":\"Stelle Cidadania\"},\"image\":{\"@id\":\"https:\/\/stellecittadinanzaitaliana.com\/#\/schema\/logo\/image\/\"}}]}<\/script>\n<!-- \/ Yoast SEO plugin. -->","yoast_head_json":{"title":"Difference between recognition in Brazil and in Italy - Stelle Cidadania","description":"(Portugu\u00eas do Brasil) Diferen\u00e7a do processo de reconhecimento da Cidadania Italiana no Brasil (via tribunal) e na It\u00e1lia. Confira e tire suas d\u00favidas!","robots":{"index":"index","follow":"follow","max-snippet":"max-snippet:-1","max-image-preview":"max-image-preview:large","max-video-preview":"max-video-preview:-1"},"canonical":"https:\/\/www.stellecittadinanzaitaliana.com\/en\/diferenca-do-reconhecimento-no-brasil-e-na-italia\/","og_locale":"en_US","og_type":"article","og_title":"Difference between recognition in Brazil and in Italy - Stelle Cidadania","og_description":"(Portugu\u00eas do Brasil) Diferen\u00e7a do processo de reconhecimento da Cidadania Italiana no Brasil (via tribunal) e na It\u00e1lia. Confira e tire suas d\u00favidas!","og_url":"https:\/\/www.stellecittadinanzaitaliana.com\/en\/diferenca-do-reconhecimento-no-brasil-e-na-italia\/","og_site_name":"Stelle Cidadania","article_modified_time":"2020-07-27T22:31:03+00:00","og_image":[{"width":777,"height":443,"url":"https:\/\/stellecittadinanzaitaliana.com\/wp-content\/uploads\/2019\/02\/Diferen\u00e7a-Brasil-e-It\u00e1lia-1.jpg","type":"image\/jpeg"}],"twitter_card":"summary_large_image","twitter_misc":{"Est. reading time":"3 minutes"},"schema":{"@context":"https:\/\/schema.org","@graph":[{"@type":"WebPage","@id":"https:\/\/www.stellecittadinanzaitaliana.com\/en\/diferenca-do-reconhecimento-no-brasil-e-na-italia\/","url":"https:\/\/www.stellecittadinanzaitaliana.com\/en\/diferenca-do-reconhecimento-no-brasil-e-na-italia\/","name":"Difference between recognition in Brazil and in Italy - Stelle Cidadania","isPartOf":{"@id":"https:\/\/stellecittadinanzaitaliana.com\/#website"},"primaryImageOfPage":{"@id":"https:\/\/www.stellecittadinanzaitaliana.com\/en\/diferenca-do-reconhecimento-no-brasil-e-na-italia\/#primaryimage"},"image":{"@id":"https:\/\/www.stellecittadinanzaitaliana.com\/en\/diferenca-do-reconhecimento-no-brasil-e-na-italia\/#primaryimage"},"thumbnailUrl":"https:\/\/stellecittadinanzaitaliana.com\/wp-content\/uploads\/2019\/02\/Diferen\u00e7a-Brasil-e-It\u00e1lia-1.jpg","datePublished":"2018-12-14T16:06:06+00:00","dateModified":"2020-07-27T22:31:03+00:00","description":"(Portugu\u00eas do Brasil) Diferen\u00e7a do processo de reconhecimento da Cidadania Italiana no Brasil (via tribunal) e na It\u00e1lia. Confira e tire suas d\u00favidas!","breadcrumb":{"@id":"https:\/\/www.stellecittadinanzaitaliana.com\/en\/diferenca-do-reconhecimento-no-brasil-e-na-italia\/#breadcrumb"},"inLanguage":"en-US","potentialAction":[{"@type":"ReadAction","target":["https:\/\/www.stellecittadinanzaitaliana.com\/en\/diferenca-do-reconhecimento-no-brasil-e-na-italia\/"]}]},{"@type":"ImageObject","inLanguage":"en-US","@id":"https:\/\/www.stellecittadinanzaitaliana.com\/en\/diferenca-do-reconhecimento-no-brasil-e-na-italia\/#primaryimage","url":"https:\/\/stellecittadinanzaitaliana.com\/wp-content\/uploads\/2019\/02\/Diferen\u00e7a-Brasil-e-It\u00e1lia-1.jpg","contentUrl":"https:\/\/stellecittadinanzaitaliana.com\/wp-content\/uploads\/2019\/02\/Diferen\u00e7a-Brasil-e-It\u00e1lia-1.jpg","width":777,"height":443,"caption":"Diferen\u00e7a do reconhecimento no Brasil e na It\u00e1lia"},{"@type":"BreadcrumbList","@id":"https:\/\/www.stellecittadinanzaitaliana.com\/en\/diferenca-do-reconhecimento-no-brasil-e-na-italia\/#breadcrumb","itemListElement":[{"@type":"ListItem","position":1,"name":"In\u00edcio","item":"https:\/\/stellecittadinanzaitaliana.com\/"},{"@type":"ListItem","position":2,"name":"Difference between recognition in Brazil and in Italy"}]},{"@type":"WebSite","@id":"https:\/\/stellecittadinanzaitaliana.com\/#website","url":"https:\/\/stellecittadinanzaitaliana.com\/","name":"Stelle Cidadania","description":"Cidadania Italiana","publisher":{"@id":"https:\/\/stellecittadinanzaitaliana.com\/#organization"},"potentialAction":[{"@type":"SearchAction","target":{"@type":"EntryPoint","urlTemplate":"https:\/\/stellecittadinanzaitaliana.com\/?s={search_term_string}"},"query-input":"required name=search_term_string"}],"inLanguage":"en-US"},{"@type":"Organization","@id":"https:\/\/stellecittadinanzaitaliana.com\/#organization","name":"Stelle Cidadania","url":"https:\/\/stellecittadinanzaitaliana.com\/","logo":{"@type":"ImageObject","inLanguage":"en-US","@id":"https:\/\/stellecittadinanzaitaliana.com\/#\/schema\/logo\/image\/","url":"https:\/\/stellecittadinanzaitaliana.com\/wp-content\/uploads\/2019\/01\/cropped-logo-stelle.png","contentUrl":"https:\/\/stellecittadinanzaitaliana.com\/wp-content\/uploads\/2019\/01\/cropped-logo-stelle.png","width":200,"height":80,"caption":"Stelle Cidadania"},"image":{"@id":"https:\/\/stellecittadinanzaitaliana.com\/#\/schema\/logo\/image\/"}}]}},"_links":{"self":[{"href":"https:\/\/stellecittadinanzaitaliana.com\/en\/wp-json\/wp\/v2\/pages\/84","targetHints":{"allow":["GET"]}}],"collection":[{"href":"https:\/\/stellecittadinanzaitaliana.com\/en\/wp-json\/wp\/v2\/pages"}],"about":[{"href":"https:\/\/stellecittadinanzaitaliana.com\/en\/wp-json\/wp\/v2\/types\/page"}],"author":[{"embeddable":true,"href":"https:\/\/stellecittadinanzaitaliana.com\/en\/wp-json\/wp\/v2\/users\/1"}],"replies":[{"embeddable":true,"href":"https:\/\/stellecittadinanzaitaliana.com\/en\/wp-json\/wp\/v2\/comments?post=84"}],"version-history":[{"count":10,"href":"https:\/\/stellecittadinanzaitaliana.com\/en\/wp-json\/wp\/v2\/pages\/84\/revisions"}],"predecessor-version":[{"id":1227,"href":"https:\/\/stellecittadinanzaitaliana.com\/en\/wp-json\/wp\/v2\/pages\/84\/revisions\/1227"}],"wp:featuredmedia":[{"embeddable":true,"href":"https:\/\/stellecittadinanzaitaliana.com\/en\/wp-json\/wp\/v2\/media\/832"}],"wp:attachment":[{"href":"https:\/\/stellecittadinanzaitaliana.com\/en\/wp-json\/wp\/v2\/media?parent=84"}],"curies":[{"name":"wp","href":"https:\/\/api.w.org\/{rel}","templated":true}]}}