{"id":82,"date":"2018-12-14T16:05:43","date_gmt":"2018-12-14T16:05:43","guid":{"rendered":"https:\/\/stellecittadinanzaitaliana.com\/?page_id=82"},"modified":"2020-04-09T18:27:14","modified_gmt":"2020-04-09T18:27:14","slug":"excecoes-no-direito-a-cidadania-italiana","status":"publish","type":"page","link":"https:\/\/stellecittadinanzaitaliana.com\/en\/excecoes-no-direito-a-cidadania-italiana\/","title":{"rendered":"Exceptions to the right to Italian citizenship"},"content":{"rendered":"<p><b>Make sure your ancestor is really Italian<\/b><\/p>\n<p>We need to remember that Italy emerged as a unified country in 1861. Thus, to be considered Italian your ancestor must have lived in unified Italy.<\/p>\n<p>In short, your ancestor who immigrated to Brazil must have died after March 17, 1861. If he came from Veneto, he must have died after October 22, 1866 (for he was not born Italian, but died Italian). If he came from Trent, he must necessarily be deceased after 1920.<\/p>\n<p><b>Check the birthplace of the Italian<\/b><\/p>\n<p>It is also important to know the birthplace of your ancestor. Some regions &#8211; now Italian &#8211; have been under foreign domination for many years. The most well-known case is Trento, which was part of the Austro-Hungarian Empire until 1919. Only immigrants who left this region after July 16, 1920, that is, if their ascendant was born in that region and immigrated to the Brazil before July 16, 1920, so he arrived here as Austrian &#8211; not &#8220;Italian&#8221; &#8211; which prevents the recognition of citizenship by his descendants.<\/p>\n<p><b>Italian citizenship in the maternal line<\/b><\/p>\n<p>This is the best known of the exceptions, the so-called &#8220;maternal line.&#8221; The term was popularized for the descendants of Italian women and it was spread the maxim that the &#8220;descendants of Italian women do not have right to Italian citizenship\u201d.<\/p>\n<p>But, is this true?<\/p>\n<p>Until 01\/01\/1948 (date of entry into force of the Italian Constitution) the law provided that women did not transmit their own citizenship to their children.<\/p>\n<p>In this way, the children of Italian women (or descendants) married to foreigners received only the nationality of the father or the place where they were born (ius solis system, as is the case of Brazil).<\/p>\n<p>This discriminatory rule ended with the Italian Constitution of 1948 and all women began to transmit their own nationality to their children.<\/p>\n<p>In conclusion: If there is a woman in your ancestry line, you need to check<span class=\"Apple-converted-space\">\u00a0 <\/span>her child&#8217;s birth date. If it was before 1948, the right was not transmitted; if he\/she was<\/p>\n<p>born after 1948, the Italian woman transmitted the citizenship to the child.<\/p>\n<p>Important tip: if you fall into this exceptional case, do not despair! It is possible to file a court application in the Italian court to acquire the right of recognition. Jurisprudence has already been formed in favor of the descendants and there is precedent of the Italian Constitutional Court.<\/p>\n<p><b>The Italian can not have become naturalized Brazilian<\/b><\/p>\n<p>Italians who have naturalized Brazilians have lost their Italian citizenship and therefore can not pass it on to the descendants born after naturalization.<\/p>","protected":false},"excerpt":{"rendered":"<p>Make sure your ancestor is really Italian We need to remember that Italy emerged as a unified country in 1861. Thus, to be considered Italian your ancestor must have lived in unified Italy. In short, your ancestor who immigrated to [&hellip;]<\/p>\n","protected":false},"author":1,"featured_media":40,"parent":0,"menu_order":0,"comment_status":"closed","ping_status":"closed","template":"","meta":{"footnotes":""},"class_list":["post-82","page","type-page","status-publish","has-post-thumbnail","hentry","clearfix"],"yoast_head":"<!-- This site is optimized with the Yoast SEO plugin v23.0 - https:\/\/yoast.com\/wordpress\/plugins\/seo\/ -->\n<title>Exceptions to the right to Italian citizenship - Stelle Cidadania<\/title>\n<meta name=\"description\" content=\"(Portugu\u00eas do Brasil) Confira todas as exce\u00e7\u00f5es no direito \u00e0 Cidadania Italiana e tire suas d\u00favidas. Veja quem possui esse direito e todas as leis que se aplicam.\" \/>\n<meta name=\"robots\" content=\"index, follow, max-snippet:-1, max-image-preview:large, max-video-preview:-1\" \/>\n<link rel=\"canonical\" href=\"https:\/\/stellecittadinanzaitaliana.com\/en\/excecoes-no-direito-a-cidadania-italiana\/\" \/>\n<meta property=\"og:locale\" content=\"en_US\" \/>\n<meta property=\"og:type\" content=\"article\" \/>\n<meta property=\"og:title\" content=\"Exceptions to the right to Italian citizenship - Stelle Cidadania\" \/>\n<meta property=\"og:description\" content=\"(Portugu\u00eas do Brasil) Confira todas as exce\u00e7\u00f5es no direito \u00e0 Cidadania Italiana e tire suas d\u00favidas. Veja quem possui esse direito e todas as leis que se aplicam.\" \/>\n<meta property=\"og:url\" content=\"https:\/\/stellecittadinanzaitaliana.com\/en\/excecoes-no-direito-a-cidadania-italiana\/\" \/>\n<meta property=\"og:site_name\" content=\"Stelle Cidadania\" \/>\n<meta property=\"article:modified_time\" content=\"2020-04-09T18:27:14+00:00\" \/>\n<meta property=\"og:image\" content=\"https:\/\/stellecittadinanzaitaliana.com\/wp-content\/uploads\/2018\/12\/ITAL0001.gif\" \/>\n\t<meta property=\"og:image:width\" content=\"388\" \/>\n\t<meta property=\"og:image:height\" content=\"260\" \/>\n\t<meta property=\"og:image:type\" content=\"image\/gif\" \/>\n<meta name=\"twitter:card\" content=\"summary_large_image\" \/>\n<meta name=\"twitter:label1\" content=\"Est. reading time\" \/>\n\t<meta name=\"twitter:data1\" content=\"5 minutes\" \/>\n<script type=\"application\/ld+json\" class=\"yoast-schema-graph\">{\"@context\":\"https:\/\/schema.org\",\"@graph\":[{\"@type\":\"WebPage\",\"@id\":\"https:\/\/stellecittadinanzaitaliana.com\/en\/excecoes-no-direito-a-cidadania-italiana\/\",\"url\":\"https:\/\/stellecittadinanzaitaliana.com\/en\/excecoes-no-direito-a-cidadania-italiana\/\",\"name\":\"Exceptions to the right to Italian citizenship - Stelle Cidadania\",\"isPartOf\":{\"@id\":\"https:\/\/stellecittadinanzaitaliana.com\/#website\"},\"primaryImageOfPage\":{\"@id\":\"https:\/\/stellecittadinanzaitaliana.com\/en\/excecoes-no-direito-a-cidadania-italiana\/#primaryimage\"},\"image\":{\"@id\":\"https:\/\/stellecittadinanzaitaliana.com\/en\/excecoes-no-direito-a-cidadania-italiana\/#primaryimage\"},\"thumbnailUrl\":\"https:\/\/stellecittadinanzaitaliana.com\/wp-content\/uploads\/2018\/12\/ITAL0001.gif\",\"datePublished\":\"2018-12-14T16:05:43+00:00\",\"dateModified\":\"2020-04-09T18:27:14+00:00\",\"description\":\"(Portugu\u00eas do Brasil) Confira todas as exce\u00e7\u00f5es no direito \u00e0 Cidadania Italiana e tire suas d\u00favidas. Veja quem possui esse direito e todas as leis que se aplicam.\",\"breadcrumb\":{\"@id\":\"https:\/\/stellecittadinanzaitaliana.com\/en\/excecoes-no-direito-a-cidadania-italiana\/#breadcrumb\"},\"inLanguage\":\"en-US\",\"potentialAction\":[{\"@type\":\"ReadAction\",\"target\":[\"https:\/\/stellecittadinanzaitaliana.com\/en\/excecoes-no-direito-a-cidadania-italiana\/\"]}]},{\"@type\":\"ImageObject\",\"inLanguage\":\"en-US\",\"@id\":\"https:\/\/stellecittadinanzaitaliana.com\/en\/excecoes-no-direito-a-cidadania-italiana\/#primaryimage\",\"url\":\"https:\/\/stellecittadinanzaitaliana.com\/wp-content\/uploads\/2018\/12\/ITAL0001.gif\",\"contentUrl\":\"https:\/\/stellecittadinanzaitaliana.com\/wp-content\/uploads\/2018\/12\/ITAL0001.gif\",\"width\":388,\"height\":260,\"caption\":\"cidadania italiana\"},{\"@type\":\"BreadcrumbList\",\"@id\":\"https:\/\/stellecittadinanzaitaliana.com\/en\/excecoes-no-direito-a-cidadania-italiana\/#breadcrumb\",\"itemListElement\":[{\"@type\":\"ListItem\",\"position\":1,\"name\":\"In\u00edcio\",\"item\":\"https:\/\/stellecittadinanzaitaliana.com\/\"},{\"@type\":\"ListItem\",\"position\":2,\"name\":\"Exceptions to the right to Italian citizenship\"}]},{\"@type\":\"WebSite\",\"@id\":\"https:\/\/stellecittadinanzaitaliana.com\/#website\",\"url\":\"https:\/\/stellecittadinanzaitaliana.com\/\",\"name\":\"Stelle Cidadania\",\"description\":\"Cidadania Italiana\",\"publisher\":{\"@id\":\"https:\/\/stellecittadinanzaitaliana.com\/#organization\"},\"potentialAction\":[{\"@type\":\"SearchAction\",\"target\":{\"@type\":\"EntryPoint\",\"urlTemplate\":\"https:\/\/stellecittadinanzaitaliana.com\/?s={search_term_string}\"},\"query-input\":\"required name=search_term_string\"}],\"inLanguage\":\"en-US\"},{\"@type\":\"Organization\",\"@id\":\"https:\/\/stellecittadinanzaitaliana.com\/#organization\",\"name\":\"Stelle Cidadania\",\"url\":\"https:\/\/stellecittadinanzaitaliana.com\/\",\"logo\":{\"@type\":\"ImageObject\",\"inLanguage\":\"en-US\",\"@id\":\"https:\/\/stellecittadinanzaitaliana.com\/#\/schema\/logo\/image\/\",\"url\":\"https:\/\/stellecittadinanzaitaliana.com\/wp-content\/uploads\/2019\/01\/cropped-logo-stelle.png\",\"contentUrl\":\"https:\/\/stellecittadinanzaitaliana.com\/wp-content\/uploads\/2019\/01\/cropped-logo-stelle.png\",\"width\":200,\"height\":80,\"caption\":\"Stelle Cidadania\"},\"image\":{\"@id\":\"https:\/\/stellecittadinanzaitaliana.com\/#\/schema\/logo\/image\/\"}}]}<\/script>\n<!-- \/ Yoast SEO plugin. -->","yoast_head_json":{"title":"Exceptions to the right to Italian citizenship - Stelle Cidadania","description":"(Portugu\u00eas do Brasil) Confira todas as exce\u00e7\u00f5es no direito \u00e0 Cidadania Italiana e tire suas d\u00favidas. Veja quem possui esse direito e todas as leis que se aplicam.","robots":{"index":"index","follow":"follow","max-snippet":"max-snippet:-1","max-image-preview":"max-image-preview:large","max-video-preview":"max-video-preview:-1"},"canonical":"https:\/\/stellecittadinanzaitaliana.com\/en\/excecoes-no-direito-a-cidadania-italiana\/","og_locale":"en_US","og_type":"article","og_title":"Exceptions to the right to Italian citizenship - Stelle Cidadania","og_description":"(Portugu\u00eas do Brasil) Confira todas as exce\u00e7\u00f5es no direito \u00e0 Cidadania Italiana e tire suas d\u00favidas. Veja quem possui esse direito e todas as leis que se aplicam.","og_url":"https:\/\/stellecittadinanzaitaliana.com\/en\/excecoes-no-direito-a-cidadania-italiana\/","og_site_name":"Stelle Cidadania","article_modified_time":"2020-04-09T18:27:14+00:00","og_image":[{"width":388,"height":260,"url":"https:\/\/stellecittadinanzaitaliana.com\/wp-content\/uploads\/2018\/12\/ITAL0001.gif","type":"image\/gif"}],"twitter_card":"summary_large_image","twitter_misc":{"Est. reading time":"5 minutes"},"schema":{"@context":"https:\/\/schema.org","@graph":[{"@type":"WebPage","@id":"https:\/\/stellecittadinanzaitaliana.com\/en\/excecoes-no-direito-a-cidadania-italiana\/","url":"https:\/\/stellecittadinanzaitaliana.com\/en\/excecoes-no-direito-a-cidadania-italiana\/","name":"Exceptions to the right to Italian citizenship - Stelle Cidadania","isPartOf":{"@id":"https:\/\/stellecittadinanzaitaliana.com\/#website"},"primaryImageOfPage":{"@id":"https:\/\/stellecittadinanzaitaliana.com\/en\/excecoes-no-direito-a-cidadania-italiana\/#primaryimage"},"image":{"@id":"https:\/\/stellecittadinanzaitaliana.com\/en\/excecoes-no-direito-a-cidadania-italiana\/#primaryimage"},"thumbnailUrl":"https:\/\/stellecittadinanzaitaliana.com\/wp-content\/uploads\/2018\/12\/ITAL0001.gif","datePublished":"2018-12-14T16:05:43+00:00","dateModified":"2020-04-09T18:27:14+00:00","description":"(Portugu\u00eas do Brasil) Confira todas as exce\u00e7\u00f5es no direito \u00e0 Cidadania Italiana e tire suas d\u00favidas. Veja quem possui esse direito e todas as leis que se aplicam.","breadcrumb":{"@id":"https:\/\/stellecittadinanzaitaliana.com\/en\/excecoes-no-direito-a-cidadania-italiana\/#breadcrumb"},"inLanguage":"en-US","potentialAction":[{"@type":"ReadAction","target":["https:\/\/stellecittadinanzaitaliana.com\/en\/excecoes-no-direito-a-cidadania-italiana\/"]}]},{"@type":"ImageObject","inLanguage":"en-US","@id":"https:\/\/stellecittadinanzaitaliana.com\/en\/excecoes-no-direito-a-cidadania-italiana\/#primaryimage","url":"https:\/\/stellecittadinanzaitaliana.com\/wp-content\/uploads\/2018\/12\/ITAL0001.gif","contentUrl":"https:\/\/stellecittadinanzaitaliana.com\/wp-content\/uploads\/2018\/12\/ITAL0001.gif","width":388,"height":260,"caption":"cidadania italiana"},{"@type":"BreadcrumbList","@id":"https:\/\/stellecittadinanzaitaliana.com\/en\/excecoes-no-direito-a-cidadania-italiana\/#breadcrumb","itemListElement":[{"@type":"ListItem","position":1,"name":"In\u00edcio","item":"https:\/\/stellecittadinanzaitaliana.com\/"},{"@type":"ListItem","position":2,"name":"Exceptions to the right to Italian citizenship"}]},{"@type":"WebSite","@id":"https:\/\/stellecittadinanzaitaliana.com\/#website","url":"https:\/\/stellecittadinanzaitaliana.com\/","name":"Stelle Cidadania","description":"Cidadania Italiana","publisher":{"@id":"https:\/\/stellecittadinanzaitaliana.com\/#organization"},"potentialAction":[{"@type":"SearchAction","target":{"@type":"EntryPoint","urlTemplate":"https:\/\/stellecittadinanzaitaliana.com\/?s={search_term_string}"},"query-input":"required name=search_term_string"}],"inLanguage":"en-US"},{"@type":"Organization","@id":"https:\/\/stellecittadinanzaitaliana.com\/#organization","name":"Stelle Cidadania","url":"https:\/\/stellecittadinanzaitaliana.com\/","logo":{"@type":"ImageObject","inLanguage":"en-US","@id":"https:\/\/stellecittadinanzaitaliana.com\/#\/schema\/logo\/image\/","url":"https:\/\/stellecittadinanzaitaliana.com\/wp-content\/uploads\/2019\/01\/cropped-logo-stelle.png","contentUrl":"https:\/\/stellecittadinanzaitaliana.com\/wp-content\/uploads\/2019\/01\/cropped-logo-stelle.png","width":200,"height":80,"caption":"Stelle Cidadania"},"image":{"@id":"https:\/\/stellecittadinanzaitaliana.com\/#\/schema\/logo\/image\/"}}]}},"_links":{"self":[{"href":"https:\/\/stellecittadinanzaitaliana.com\/en\/wp-json\/wp\/v2\/pages\/82","targetHints":{"allow":["GET"]}}],"collection":[{"href":"https:\/\/stellecittadinanzaitaliana.com\/en\/wp-json\/wp\/v2\/pages"}],"about":[{"href":"https:\/\/stellecittadinanzaitaliana.com\/en\/wp-json\/wp\/v2\/types\/page"}],"author":[{"embeddable":true,"href":"https:\/\/stellecittadinanzaitaliana.com\/en\/wp-json\/wp\/v2\/users\/1"}],"replies":[{"embeddable":true,"href":"https:\/\/stellecittadinanzaitaliana.com\/en\/wp-json\/wp\/v2\/comments?post=82"}],"version-history":[{"count":4,"href":"https:\/\/stellecittadinanzaitaliana.com\/en\/wp-json\/wp\/v2\/pages\/82\/revisions"}],"predecessor-version":[{"id":1103,"href":"https:\/\/stellecittadinanzaitaliana.com\/en\/wp-json\/wp\/v2\/pages\/82\/revisions\/1103"}],"wp:featuredmedia":[{"embeddable":true,"href":"https:\/\/stellecittadinanzaitaliana.com\/en\/wp-json\/wp\/v2\/media\/40"}],"wp:attachment":[{"href":"https:\/\/stellecittadinanzaitaliana.com\/en\/wp-json\/wp\/v2\/media?parent=82"}],"curies":[{"name":"wp","href":"https:\/\/api.w.org\/{rel}","templated":true}]}}