{"id":52,"date":"2018-12-14T16:01:57","date_gmt":"2018-12-14T16:01:57","guid":{"rendered":"https:\/\/stellecittadinanzaitaliana.com\/?page_id=52"},"modified":"2024-12-05T16:32:42","modified_gmt":"2024-12-05T16:32:42","slug":"nossa-equipe","status":"publish","type":"page","link":"https:\/\/stellecittadinanzaitaliana.com\/en\/nossa-equipe\/","title":{"rendered":"Our Team"},"content":{"rendered":"<p>Conhe\u00e7a a nossa equipe. Todos profissionais devidamente preparados, qualificados e treinados para lhe oferecer o melhor atendimento. Conte conosco!<\/p>\n<h2>Dire\u00e7\u00e3o Geral<\/h2>\n<div id='gallery-1' class='gallery galleryid-52 gallery-columns-2 gallery-size-full'><figure class='gallery-item'>\n\t\t\t<div class='gallery-icon landscape'>\n\t\t\t\t<a href='https:\/\/stellecittadinanzaitaliana.com\/en\/equipe-patricia-savoy\/'><img loading=\"lazy\" decoding=\"async\" width=\"300\" height=\"300\" src=\"https:\/\/stellecittadinanzaitaliana.com\/wp-content\/uploads\/2019\/02\/Equipe-Patr\u00edcia-Savoy.jpg\" class=\"attachment-full size-full\" alt=\"\" aria-describedby=\"gallery-1-856\" srcset=\"https:\/\/stellecittadinanzaitaliana.com\/wp-content\/uploads\/2019\/02\/Equipe-Patr\u00edcia-Savoy.jpg 300w, https:\/\/stellecittadinanzaitaliana.com\/wp-content\/uploads\/2019\/02\/Equipe-Patr\u00edcia-Savoy-150x150.jpg 150w, https:\/\/stellecittadinanzaitaliana.com\/wp-content\/uploads\/2019\/02\/Equipe-Patr\u00edcia-Savoy-250x250.jpg 250w, https:\/\/stellecittadinanzaitaliana.com\/wp-content\/uploads\/2019\/02\/Equipe-Patr\u00edcia-Savoy-100x100.jpg 100w\" sizes=\"auto, (max-width: 300px) 100vw, 300px\" \/><\/a>\n\t\t\t<\/div>\n\t\t\t\t<figcaption class='wp-caption-text gallery-caption' id='gallery-1-856'>\n\t\t\t\tPatr\u00edcia Savoy &#8211; Consultant for Recognition of Italian Citizenship &#8220;Iure Sanguinis&#8221; Brazil \/ Italy. Director owner and Administrator of \u201cSTELLE CITTADINANZA ITALIANA\u201d &#8211; representative in Puglia\n\t\t\t\t<\/figcaption><\/figure>\n\t\t<\/div>\n\n<h2>Equipe<\/h2>\n<div id='gallery-2' class='gallery galleryid-52 gallery-columns-4 gallery-size-thumbnail'><figure class='gallery-item'>\n\t\t\t<div class='gallery-icon landscape'>\n\t\t\t\t<a href='https:\/\/stellecittadinanzaitaliana.com\/en\/equipe-conceicao\/'><img loading=\"lazy\" decoding=\"async\" width=\"150\" height=\"150\" src=\"https:\/\/stellecittadinanzaitaliana.com\/wp-content\/uploads\/2019\/02\/Equipe-Concei\u00e7\u00e3o-150x150.jpg\" class=\"attachment-thumbnail size-thumbnail\" alt=\"\" aria-describedby=\"gallery-2-852\" srcset=\"https:\/\/stellecittadinanzaitaliana.com\/wp-content\/uploads\/2019\/02\/Equipe-Concei\u00e7\u00e3o-150x150.jpg 150w, https:\/\/stellecittadinanzaitaliana.com\/wp-content\/uploads\/2019\/02\/Equipe-Concei\u00e7\u00e3o-250x250.jpg 250w, https:\/\/stellecittadinanzaitaliana.com\/wp-content\/uploads\/2019\/02\/Equipe-Concei\u00e7\u00e3o-100x100.jpg 100w, https:\/\/stellecittadinanzaitaliana.com\/wp-content\/uploads\/2019\/02\/Equipe-Concei\u00e7\u00e3o.jpg 300w\" sizes=\"auto, (max-width: 150px) 100vw, 150px\" \/><\/a>\n\t\t\t<\/div>\n\t\t\t\t<figcaption class='wp-caption-text gallery-caption' id='gallery-2-852'>\n\t\t\t\tConcei\u00e7\u00e3o Savoy &#8211; Financial aid Brazil\n\t\t\t\t<\/figcaption><\/figure><figure class='gallery-item'>\n\t\t\t<div class='gallery-icon landscape'>\n\t\t\t\t<a href='https:\/\/stellecittadinanzaitaliana.com\/en\/equipe-carlos\/'><img loading=\"lazy\" decoding=\"async\" width=\"150\" height=\"150\" src=\"https:\/\/stellecittadinanzaitaliana.com\/wp-content\/uploads\/2019\/02\/Equipe-Carlos-150x150.jpg\" class=\"attachment-thumbnail size-thumbnail\" alt=\"\" aria-describedby=\"gallery-2-851\" srcset=\"https:\/\/stellecittadinanzaitaliana.com\/wp-content\/uploads\/2019\/02\/Equipe-Carlos-150x150.jpg 150w, https:\/\/stellecittadinanzaitaliana.com\/wp-content\/uploads\/2019\/02\/Equipe-Carlos-250x250.jpg 250w, https:\/\/stellecittadinanzaitaliana.com\/wp-content\/uploads\/2019\/02\/Equipe-Carlos-100x100.jpg 100w, https:\/\/stellecittadinanzaitaliana.com\/wp-content\/uploads\/2019\/02\/Equipe-Carlos.jpg 300w\" sizes=\"auto, (max-width: 150px) 100vw, 150px\" \/><\/a>\n\t\t\t<\/div>\n\t\t\t\t<figcaption class='wp-caption-text gallery-caption' id='gallery-2-851'>\n\t\t\t\tCarlos Savoy &#8211; Business Advisory and Consultant for Recognition of Italian Citizenship &#8220;Iure Sanguinis&#8221; part Brazil\n\t\t\t\t<\/figcaption><\/figure><figure class='gallery-item'>\n\t\t\t<div class='gallery-icon landscape'>\n\t\t\t\t<a href='https:\/\/stellecittadinanzaitaliana.com\/en\/equipe-suian-simao\/'><img loading=\"lazy\" decoding=\"async\" width=\"150\" height=\"150\" src=\"https:\/\/stellecittadinanzaitaliana.com\/wp-content\/uploads\/2019\/02\/Equipe-Suian-Sim\u00e3o-150x150.jpeg\" class=\"attachment-thumbnail size-thumbnail\" alt=\"\" aria-describedby=\"gallery-2-857\" srcset=\"https:\/\/stellecittadinanzaitaliana.com\/wp-content\/uploads\/2019\/02\/Equipe-Suian-Sim\u00e3o-150x150.jpeg 150w, https:\/\/stellecittadinanzaitaliana.com\/wp-content\/uploads\/2019\/02\/Equipe-Suian-Sim\u00e3o-250x250.jpeg 250w, https:\/\/stellecittadinanzaitaliana.com\/wp-content\/uploads\/2019\/02\/Equipe-Suian-Sim\u00e3o-100x100.jpeg 100w, https:\/\/stellecittadinanzaitaliana.com\/wp-content\/uploads\/2019\/02\/Equipe-Suian-Sim\u00e3o.jpeg 300w\" sizes=\"auto, (max-width: 150px) 100vw, 150px\" \/><\/a>\n\t\t\t<\/div>\n\t\t\t\t<figcaption class='wp-caption-text gallery-caption' id='gallery-2-857'>\n\t\t\t\tAdv. Suian Sim\u00e3o &#8211; Legal advice in Brazil &#8211; Registered attorney at AOB-SP n\u00ba 382.392\n\t\t\t\t<\/figcaption><\/figure><figure class='gallery-item'>\n\t\t\t<div class='gallery-icon landscape'>\n\t\t\t\t<a href='https:\/\/stellecittadinanzaitaliana.com\/en\/nossa-equipe\/domkt\/'><img loading=\"lazy\" decoding=\"async\" width=\"150\" height=\"150\" src=\"https:\/\/stellecittadinanzaitaliana.com\/wp-content\/uploads\/2022\/07\/domkt-150x150.png\" class=\"attachment-thumbnail size-thumbnail\" alt=\"\" aria-describedby=\"gallery-2-1645\" srcset=\"https:\/\/stellecittadinanzaitaliana.com\/wp-content\/uploads\/2022\/07\/domkt-150x150.png 150w, https:\/\/stellecittadinanzaitaliana.com\/wp-content\/uploads\/2022\/07\/domkt.png 300w, https:\/\/stellecittadinanzaitaliana.com\/wp-content\/uploads\/2022\/07\/domkt-250x250.png 250w, https:\/\/stellecittadinanzaitaliana.com\/wp-content\/uploads\/2022\/07\/domkt-100x100.png 100w\" sizes=\"auto, (max-width: 150px) 100vw, 150px\" \/><\/a>\n\t\t\t<\/div>\n\t\t\t\t<figcaption class='wp-caption-text gallery-caption' id='gallery-2-1645'>\n\t\t\t\tAg\u00eancia de Publicidade DOMKT\n\t\t\t\t<\/figcaption><\/figure>\n\t\t<\/div>\n\n<h2>Capta\u00e7\u00e3o de Clientes<\/h2>\n<p>&nbsp;<\/p>\n<p>Fale com a gente! Clique \u200b<a href=\"http:\/\/bit.ly\/patriciastelle\">AQU\u200bI<\/a>\u00a0\u200be tire suas d\u00favidas!<\/p>\n<p>Siga a <a href=\"https:\/\/stellecittadinanzaitaliana.com\/\">Stelle<\/a> nas redes sociais:\u00a0<a href=\"https:\/\/www.facebook.com\/stellecittadinanzaitaliana\/\">Facebook<\/a>\u00a0\u2013\u00a0<a href=\"https:\/\/www.instagram.com\/stellecittadinanzaitaliana\/?hl=pt-br\">Instagram<\/a> &#8211;\u00a0 <a href=\"https:\/\/www.youtube.com\/channel\/UCIK-VDk1foObexFnUFCmZkQ?view_as=subscriber\">Youtube<\/a><\/p>\n","protected":false},"excerpt":{"rendered":"<p>Conhe\u00e7a a nossa equipe. Todos profissionais devidamente preparados, qualificados e treinados para lhe oferecer o melhor atendimento. Conte conosco! Dire\u00e7\u00e3o Geral Equipe Capta\u00e7\u00e3o de Clientes &nbsp; Fale com a gente! Clique \u200bAQU\u200bI\u00a0\u200be tire suas d\u00favidas! Siga a Stelle nas redes [&hellip;]<\/p>\n","protected":false},"author":1,"featured_media":0,"parent":0,"menu_order":0,"comment_status":"closed","ping_status":"closed","template":"","meta":{"footnotes":""},"class_list":["post-52","page","type-page","status-publish","hentry","clearfix"],"yoast_head":"<!-- This site is optimized with the Yoast SEO plugin v23.0 - https:\/\/yoast.com\/wordpress\/plugins\/seo\/ -->\n<title>Our Team - Stelle Cidadania<\/title>\n<meta name=\"description\" content=\"Conhe\u00e7a a nossa equipe. Todos profissionais devidamente preparados, qualificados e treinados para lhe oferecer o melhor atendimento. Conte conosco!\" \/>\n<meta name=\"robots\" content=\"index, follow, max-snippet:-1, max-image-preview:large, max-video-preview:-1\" \/>\n<link rel=\"canonical\" href=\"https:\/\/www.stellecittadinanzaitaliana.com\/nossa-equipe\/\" \/>\n<meta property=\"og:locale\" content=\"en_US\" \/>\n<meta property=\"og:type\" content=\"article\" \/>\n<meta property=\"og:title\" content=\"Our Team - Stelle Cidadania\" \/>\n<meta property=\"og:description\" content=\"Conhe\u00e7a a nossa equipe. Todos profissionais devidamente preparados, qualificados e treinados para lhe oferecer o melhor atendimento. Conte conosco!\" \/>\n<meta property=\"og:url\" content=\"https:\/\/www.stellecittadinanzaitaliana.com\/nossa-equipe\/\" \/>\n<meta property=\"og:site_name\" content=\"Stelle Cidadania\" \/>\n<meta property=\"article:modified_time\" content=\"2024-12-05T16:32:42+00:00\" \/>\n<meta property=\"og:image\" content=\"https:\/\/stellecittadinanzaitaliana.com\/wp-content\/uploads\/2019\/02\/Equipe-Patr\u00edcia-Savoy.jpg\" \/>\n<meta name=\"twitter:card\" content=\"summary_large_image\" \/>\n<meta name=\"twitter:label1\" content=\"Est. reading time\" \/>\n\t<meta name=\"twitter:data1\" content=\"1 minute\" \/>\n<script type=\"application\/ld+json\" class=\"yoast-schema-graph\">{\"@context\":\"https:\/\/schema.org\",\"@graph\":[{\"@type\":\"WebPage\",\"@id\":\"https:\/\/www.stellecittadinanzaitaliana.com\/nossa-equipe\/\",\"url\":\"https:\/\/www.stellecittadinanzaitaliana.com\/nossa-equipe\/\",\"name\":\"Our Team - Stelle Cidadania\",\"isPartOf\":{\"@id\":\"https:\/\/stellecittadinanzaitaliana.com\/#website\"},\"datePublished\":\"2018-12-14T16:01:57+00:00\",\"dateModified\":\"2024-12-05T16:32:42+00:00\",\"description\":\"Conhe\u00e7a a nossa equipe. Todos profissionais devidamente preparados, qualificados e treinados para lhe oferecer o melhor atendimento. Conte conosco!\",\"breadcrumb\":{\"@id\":\"https:\/\/www.stellecittadinanzaitaliana.com\/nossa-equipe\/#breadcrumb\"},\"inLanguage\":\"en-US\",\"potentialAction\":[{\"@type\":\"ReadAction\",\"target\":[\"https:\/\/www.stellecittadinanzaitaliana.com\/nossa-equipe\/\"]}]},{\"@type\":\"BreadcrumbList\",\"@id\":\"https:\/\/www.stellecittadinanzaitaliana.com\/nossa-equipe\/#breadcrumb\",\"itemListElement\":[{\"@type\":\"ListItem\",\"position\":1,\"name\":\"In\u00edcio\",\"item\":\"https:\/\/stellecittadinanzaitaliana.com\/\"},{\"@type\":\"ListItem\",\"position\":2,\"name\":\"Nossa Equipe\"}]},{\"@type\":\"WebSite\",\"@id\":\"https:\/\/stellecittadinanzaitaliana.com\/#website\",\"url\":\"https:\/\/stellecittadinanzaitaliana.com\/\",\"name\":\"Stelle Cidadania\",\"description\":\"Cidadania Italiana\",\"publisher\":{\"@id\":\"https:\/\/stellecittadinanzaitaliana.com\/#organization\"},\"potentialAction\":[{\"@type\":\"SearchAction\",\"target\":{\"@type\":\"EntryPoint\",\"urlTemplate\":\"https:\/\/stellecittadinanzaitaliana.com\/?s={search_term_string}\"},\"query-input\":\"required name=search_term_string\"}],\"inLanguage\":\"en-US\"},{\"@type\":\"Organization\",\"@id\":\"https:\/\/stellecittadinanzaitaliana.com\/#organization\",\"name\":\"Stelle Cidadania\",\"url\":\"https:\/\/stellecittadinanzaitaliana.com\/\",\"logo\":{\"@type\":\"ImageObject\",\"inLanguage\":\"en-US\",\"@id\":\"https:\/\/stellecittadinanzaitaliana.com\/#\/schema\/logo\/image\/\",\"url\":\"https:\/\/stellecittadinanzaitaliana.com\/wp-content\/uploads\/2019\/01\/cropped-logo-stelle.png\",\"contentUrl\":\"https:\/\/stellecittadinanzaitaliana.com\/wp-content\/uploads\/2019\/01\/cropped-logo-stelle.png\",\"width\":200,\"height\":80,\"caption\":\"Stelle Cidadania\"},\"image\":{\"@id\":\"https:\/\/stellecittadinanzaitaliana.com\/#\/schema\/logo\/image\/\"}}]}<\/script>\n<!-- \/ Yoast SEO plugin. -->","yoast_head_json":{"title":"Our Team - Stelle Cidadania","description":"Conhe\u00e7a a nossa equipe. Todos profissionais devidamente preparados, qualificados e treinados para lhe oferecer o melhor atendimento. Conte conosco!","robots":{"index":"index","follow":"follow","max-snippet":"max-snippet:-1","max-image-preview":"max-image-preview:large","max-video-preview":"max-video-preview:-1"},"canonical":"https:\/\/www.stellecittadinanzaitaliana.com\/nossa-equipe\/","og_locale":"en_US","og_type":"article","og_title":"Our Team - Stelle Cidadania","og_description":"Conhe\u00e7a a nossa equipe. Todos profissionais devidamente preparados, qualificados e treinados para lhe oferecer o melhor atendimento. Conte conosco!","og_url":"https:\/\/www.stellecittadinanzaitaliana.com\/nossa-equipe\/","og_site_name":"Stelle Cidadania","article_modified_time":"2024-12-05T16:32:42+00:00","og_image":[{"url":"https:\/\/stellecittadinanzaitaliana.com\/wp-content\/uploads\/2019\/02\/Equipe-Patr\u00edcia-Savoy.jpg"}],"twitter_card":"summary_large_image","twitter_misc":{"Est. reading time":"1 minute"},"schema":{"@context":"https:\/\/schema.org","@graph":[{"@type":"WebPage","@id":"https:\/\/www.stellecittadinanzaitaliana.com\/nossa-equipe\/","url":"https:\/\/www.stellecittadinanzaitaliana.com\/nossa-equipe\/","name":"Our Team - Stelle Cidadania","isPartOf":{"@id":"https:\/\/stellecittadinanzaitaliana.com\/#website"},"datePublished":"2018-12-14T16:01:57+00:00","dateModified":"2024-12-05T16:32:42+00:00","description":"Conhe\u00e7a a nossa equipe. Todos profissionais devidamente preparados, qualificados e treinados para lhe oferecer o melhor atendimento. Conte conosco!","breadcrumb":{"@id":"https:\/\/www.stellecittadinanzaitaliana.com\/nossa-equipe\/#breadcrumb"},"inLanguage":"en-US","potentialAction":[{"@type":"ReadAction","target":["https:\/\/www.stellecittadinanzaitaliana.com\/nossa-equipe\/"]}]},{"@type":"BreadcrumbList","@id":"https:\/\/www.stellecittadinanzaitaliana.com\/nossa-equipe\/#breadcrumb","itemListElement":[{"@type":"ListItem","position":1,"name":"In\u00edcio","item":"https:\/\/stellecittadinanzaitaliana.com\/"},{"@type":"ListItem","position":2,"name":"Nossa Equipe"}]},{"@type":"WebSite","@id":"https:\/\/stellecittadinanzaitaliana.com\/#website","url":"https:\/\/stellecittadinanzaitaliana.com\/","name":"Stelle Cidadania","description":"Cidadania Italiana","publisher":{"@id":"https:\/\/stellecittadinanzaitaliana.com\/#organization"},"potentialAction":[{"@type":"SearchAction","target":{"@type":"EntryPoint","urlTemplate":"https:\/\/stellecittadinanzaitaliana.com\/?s={search_term_string}"},"query-input":"required name=search_term_string"}],"inLanguage":"en-US"},{"@type":"Organization","@id":"https:\/\/stellecittadinanzaitaliana.com\/#organization","name":"Stelle Cidadania","url":"https:\/\/stellecittadinanzaitaliana.com\/","logo":{"@type":"ImageObject","inLanguage":"en-US","@id":"https:\/\/stellecittadinanzaitaliana.com\/#\/schema\/logo\/image\/","url":"https:\/\/stellecittadinanzaitaliana.com\/wp-content\/uploads\/2019\/01\/cropped-logo-stelle.png","contentUrl":"https:\/\/stellecittadinanzaitaliana.com\/wp-content\/uploads\/2019\/01\/cropped-logo-stelle.png","width":200,"height":80,"caption":"Stelle Cidadania"},"image":{"@id":"https:\/\/stellecittadinanzaitaliana.com\/#\/schema\/logo\/image\/"}}]}},"_links":{"self":[{"href":"https:\/\/stellecittadinanzaitaliana.com\/en\/wp-json\/wp\/v2\/pages\/52","targetHints":{"allow":["GET"]}}],"collection":[{"href":"https:\/\/stellecittadinanzaitaliana.com\/en\/wp-json\/wp\/v2\/pages"}],"about":[{"href":"https:\/\/stellecittadinanzaitaliana.com\/en\/wp-json\/wp\/v2\/types\/page"}],"author":[{"embeddable":true,"href":"https:\/\/stellecittadinanzaitaliana.com\/en\/wp-json\/wp\/v2\/users\/1"}],"replies":[{"embeddable":true,"href":"https:\/\/stellecittadinanzaitaliana.com\/en\/wp-json\/wp\/v2\/comments?post=52"}],"version-history":[{"count":35,"href":"https:\/\/stellecittadinanzaitaliana.com\/en\/wp-json\/wp\/v2\/pages\/52\/revisions"}],"predecessor-version":[{"id":1833,"href":"https:\/\/stellecittadinanzaitaliana.com\/en\/wp-json\/wp\/v2\/pages\/52\/revisions\/1833"}],"wp:attachment":[{"href":"https:\/\/stellecittadinanzaitaliana.com\/en\/wp-json\/wp\/v2\/media?parent=52"}],"curies":[{"name":"wp","href":"https:\/\/api.w.org\/{rel}","templated":true}]}}