{"id":27,"date":"2018-12-03T21:10:54","date_gmt":"2018-12-03T21:10:54","guid":{"rendered":"https:\/\/stellecittadinanzaitaliana.com\/?page_id=27"},"modified":"2020-05-01T22:02:34","modified_gmt":"2020-05-01T22:02:34","slug":"legislacao","status":"publish","type":"page","link":"https:\/\/stellecittadinanzaitaliana.com\/en\/legislacao\/","title":{"rendered":"Legislation"},"content":{"rendered":"<p><i>This SITE shall be governed by the legal and constitutional rules of ITALY and BRAZIL, in view of its peculiarities and creation.<\/i><\/p>\n<p><i>With reference to the image of clients in it, it is worth adding that all of them are with the total consent, knowledge and written authorization of each one, within the relevant Legislation.<\/i><\/p>\n<p><i>In the case of the data of the Company <\/i><b><i>STELLE CITTADINANZA ITALIANA<\/i><\/b><i> referring to texts, photos, images, sayings, audios and other advertising are covered by the Copyright Law, therefore <\/i><b><i>nothing can be copied<\/i><\/b><i>.<\/i><\/p>\n<p><i>LEGISLATION \u2013 SITE<\/i><\/p>\n<p><i>LEGISLATION ITALY:<\/i><\/p>\n<p><i>&#8211; Legge no 675\/96 \u2013 Italy \u2013 Image;<\/i><\/p>\n<p><i>&#8211; Regolamento (UE) no 2016\/679 e meglio noto con la sigla GDP;<\/i><\/p>\n<p><i>&#8211; DAL 25\/05\/2018 ha sostituito la Legge no 675\/96<\/i><\/p>\n<p><i>BRAZILIAN LEGISLATION:<\/i><\/p>\n<p><i>&#8211; Law of Internet use (Federal Law n\u00b0 12.965 \/ 2004, article 21) and its subsequent modifications;<\/i><\/p>\n<p><i>&#8211; Copyright Law n\u00b0 9.618\/98 of 02\/19\/1998, and its subsequent modifications, main objective the protection of the expression of ideas;<\/i><\/p>\n<p><i>&#8211; Federal Constitution of Brazil of 1998 in its art. 5, XXVIII, &#8220;a&#8221;, the right to image and its subsequent modifications;<\/i><\/p>\n<p><i>&#8211; Law n\u00b0 12.737\/2012 typifies Cyber Crimes in the Brazilian Penal Code, and its subsequent modifications.<\/i><\/p>","protected":false},"excerpt":{"rendered":"<p>This SITE shall be governed by the legal and constitutional rules of ITALY and BRAZIL, in view of its peculiarities and creation. With reference to the image of clients in it, it is worth adding that all of them are [&hellip;]<\/p>\n","protected":false},"author":1,"featured_media":0,"parent":0,"menu_order":0,"comment_status":"closed","ping_status":"closed","template":"","meta":{"footnotes":""},"class_list":["post-27","page","type-page","status-publish","hentry","clearfix"],"yoast_head":"<!-- This site is optimized with the Yoast SEO plugin v23.0 - https:\/\/yoast.com\/wordpress\/plugins\/seo\/ -->\n<title>Legislation - Stelle Cidadania<\/title>\n<meta name=\"description\" content=\"Esse SITE ser\u00e1 regido pelas normas legais e constitucionais da IT\u00c1LIA e do BRASIL, tendo em vista suas peculiaridades e cria\u00e7\u00e3o.\" \/>\n<meta name=\"robots\" content=\"index, follow, max-snippet:-1, max-image-preview:large, max-video-preview:-1\" \/>\n<link rel=\"canonical\" href=\"https:\/\/www.stellecittadinanzaitaliana.com\/legislacao\/\" \/>\n<meta property=\"og:locale\" content=\"en_US\" \/>\n<meta property=\"og:type\" content=\"article\" \/>\n<meta property=\"og:title\" content=\"Legislation - Stelle Cidadania\" \/>\n<meta property=\"og:description\" content=\"Esse SITE ser\u00e1 regido pelas normas legais e constitucionais da IT\u00c1LIA e do BRASIL, tendo em vista suas peculiaridades e cria\u00e7\u00e3o.\" \/>\n<meta property=\"og:url\" content=\"https:\/\/www.stellecittadinanzaitaliana.com\/legislacao\/\" \/>\n<meta property=\"og:site_name\" content=\"Stelle Cidadania\" \/>\n<meta property=\"article:modified_time\" content=\"2020-05-01T22:02:34+00:00\" \/>\n<meta name=\"twitter:card\" content=\"summary_large_image\" \/>\n<meta name=\"twitter:label1\" content=\"Est. reading time\" \/>\n\t<meta name=\"twitter:data1\" content=\"2 minutes\" \/>\n<script type=\"application\/ld+json\" class=\"yoast-schema-graph\">{\"@context\":\"https:\/\/schema.org\",\"@graph\":[{\"@type\":\"WebPage\",\"@id\":\"https:\/\/www.stellecittadinanzaitaliana.com\/legislacao\/\",\"url\":\"https:\/\/www.stellecittadinanzaitaliana.com\/legislacao\/\",\"name\":\"Legislation - Stelle Cidadania\",\"isPartOf\":{\"@id\":\"https:\/\/stellecittadinanzaitaliana.com\/#website\"},\"datePublished\":\"2018-12-03T21:10:54+00:00\",\"dateModified\":\"2020-05-01T22:02:34+00:00\",\"description\":\"Esse SITE ser\u00e1 regido pelas normas legais e constitucionais da IT\u00c1LIA e do BRASIL, tendo em vista suas peculiaridades e cria\u00e7\u00e3o.\",\"breadcrumb\":{\"@id\":\"https:\/\/www.stellecittadinanzaitaliana.com\/legislacao\/#breadcrumb\"},\"inLanguage\":\"en-US\",\"potentialAction\":[{\"@type\":\"ReadAction\",\"target\":[\"https:\/\/www.stellecittadinanzaitaliana.com\/legislacao\/\"]}]},{\"@type\":\"BreadcrumbList\",\"@id\":\"https:\/\/www.stellecittadinanzaitaliana.com\/legislacao\/#breadcrumb\",\"itemListElement\":[{\"@type\":\"ListItem\",\"position\":1,\"name\":\"In\u00edcio\",\"item\":\"https:\/\/stellecittadinanzaitaliana.com\/\"},{\"@type\":\"ListItem\",\"position\":2,\"name\":\"Legisla\u00e7\u00e3o\"}]},{\"@type\":\"WebSite\",\"@id\":\"https:\/\/stellecittadinanzaitaliana.com\/#website\",\"url\":\"https:\/\/stellecittadinanzaitaliana.com\/\",\"name\":\"Stelle Cidadania\",\"description\":\"Cidadania Italiana\",\"publisher\":{\"@id\":\"https:\/\/stellecittadinanzaitaliana.com\/#organization\"},\"potentialAction\":[{\"@type\":\"SearchAction\",\"target\":{\"@type\":\"EntryPoint\",\"urlTemplate\":\"https:\/\/stellecittadinanzaitaliana.com\/?s={search_term_string}\"},\"query-input\":\"required name=search_term_string\"}],\"inLanguage\":\"en-US\"},{\"@type\":\"Organization\",\"@id\":\"https:\/\/stellecittadinanzaitaliana.com\/#organization\",\"name\":\"Stelle Cidadania\",\"url\":\"https:\/\/stellecittadinanzaitaliana.com\/\",\"logo\":{\"@type\":\"ImageObject\",\"inLanguage\":\"en-US\",\"@id\":\"https:\/\/stellecittadinanzaitaliana.com\/#\/schema\/logo\/image\/\",\"url\":\"https:\/\/stellecittadinanzaitaliana.com\/wp-content\/uploads\/2019\/01\/cropped-logo-stelle.png\",\"contentUrl\":\"https:\/\/stellecittadinanzaitaliana.com\/wp-content\/uploads\/2019\/01\/cropped-logo-stelle.png\",\"width\":200,\"height\":80,\"caption\":\"Stelle Cidadania\"},\"image\":{\"@id\":\"https:\/\/stellecittadinanzaitaliana.com\/#\/schema\/logo\/image\/\"}}]}<\/script>\n<!-- \/ Yoast SEO plugin. -->","yoast_head_json":{"title":"Legislation - Stelle Cidadania","description":"Esse SITE ser\u00e1 regido pelas normas legais e constitucionais da IT\u00c1LIA e do BRASIL, tendo em vista suas peculiaridades e cria\u00e7\u00e3o.","robots":{"index":"index","follow":"follow","max-snippet":"max-snippet:-1","max-image-preview":"max-image-preview:large","max-video-preview":"max-video-preview:-1"},"canonical":"https:\/\/www.stellecittadinanzaitaliana.com\/legislacao\/","og_locale":"en_US","og_type":"article","og_title":"Legislation - Stelle Cidadania","og_description":"Esse SITE ser\u00e1 regido pelas normas legais e constitucionais da IT\u00c1LIA e do BRASIL, tendo em vista suas peculiaridades e cria\u00e7\u00e3o.","og_url":"https:\/\/www.stellecittadinanzaitaliana.com\/legislacao\/","og_site_name":"Stelle Cidadania","article_modified_time":"2020-05-01T22:02:34+00:00","twitter_card":"summary_large_image","twitter_misc":{"Est. reading time":"2 minutes"},"schema":{"@context":"https:\/\/schema.org","@graph":[{"@type":"WebPage","@id":"https:\/\/www.stellecittadinanzaitaliana.com\/legislacao\/","url":"https:\/\/www.stellecittadinanzaitaliana.com\/legislacao\/","name":"Legislation - Stelle Cidadania","isPartOf":{"@id":"https:\/\/stellecittadinanzaitaliana.com\/#website"},"datePublished":"2018-12-03T21:10:54+00:00","dateModified":"2020-05-01T22:02:34+00:00","description":"Esse SITE ser\u00e1 regido pelas normas legais e constitucionais da IT\u00c1LIA e do BRASIL, tendo em vista suas peculiaridades e cria\u00e7\u00e3o.","breadcrumb":{"@id":"https:\/\/www.stellecittadinanzaitaliana.com\/legislacao\/#breadcrumb"},"inLanguage":"en-US","potentialAction":[{"@type":"ReadAction","target":["https:\/\/www.stellecittadinanzaitaliana.com\/legislacao\/"]}]},{"@type":"BreadcrumbList","@id":"https:\/\/www.stellecittadinanzaitaliana.com\/legislacao\/#breadcrumb","itemListElement":[{"@type":"ListItem","position":1,"name":"In\u00edcio","item":"https:\/\/stellecittadinanzaitaliana.com\/"},{"@type":"ListItem","position":2,"name":"Legisla\u00e7\u00e3o"}]},{"@type":"WebSite","@id":"https:\/\/stellecittadinanzaitaliana.com\/#website","url":"https:\/\/stellecittadinanzaitaliana.com\/","name":"Stelle Cidadania","description":"Cidadania Italiana","publisher":{"@id":"https:\/\/stellecittadinanzaitaliana.com\/#organization"},"potentialAction":[{"@type":"SearchAction","target":{"@type":"EntryPoint","urlTemplate":"https:\/\/stellecittadinanzaitaliana.com\/?s={search_term_string}"},"query-input":"required name=search_term_string"}],"inLanguage":"en-US"},{"@type":"Organization","@id":"https:\/\/stellecittadinanzaitaliana.com\/#organization","name":"Stelle Cidadania","url":"https:\/\/stellecittadinanzaitaliana.com\/","logo":{"@type":"ImageObject","inLanguage":"en-US","@id":"https:\/\/stellecittadinanzaitaliana.com\/#\/schema\/logo\/image\/","url":"https:\/\/stellecittadinanzaitaliana.com\/wp-content\/uploads\/2019\/01\/cropped-logo-stelle.png","contentUrl":"https:\/\/stellecittadinanzaitaliana.com\/wp-content\/uploads\/2019\/01\/cropped-logo-stelle.png","width":200,"height":80,"caption":"Stelle Cidadania"},"image":{"@id":"https:\/\/stellecittadinanzaitaliana.com\/#\/schema\/logo\/image\/"}}]}},"_links":{"self":[{"href":"https:\/\/stellecittadinanzaitaliana.com\/en\/wp-json\/wp\/v2\/pages\/27","targetHints":{"allow":["GET"]}}],"collection":[{"href":"https:\/\/stellecittadinanzaitaliana.com\/en\/wp-json\/wp\/v2\/pages"}],"about":[{"href":"https:\/\/stellecittadinanzaitaliana.com\/en\/wp-json\/wp\/v2\/types\/page"}],"author":[{"embeddable":true,"href":"https:\/\/stellecittadinanzaitaliana.com\/en\/wp-json\/wp\/v2\/users\/1"}],"replies":[{"embeddable":true,"href":"https:\/\/stellecittadinanzaitaliana.com\/en\/wp-json\/wp\/v2\/comments?post=27"}],"version-history":[{"count":5,"href":"https:\/\/stellecittadinanzaitaliana.com\/en\/wp-json\/wp\/v2\/pages\/27\/revisions"}],"predecessor-version":[{"id":1130,"href":"https:\/\/stellecittadinanzaitaliana.com\/en\/wp-json\/wp\/v2\/pages\/27\/revisions\/1130"}],"wp:attachment":[{"href":"https:\/\/stellecittadinanzaitaliana.com\/en\/wp-json\/wp\/v2\/media?parent=27"}],"curies":[{"name":"wp","href":"https:\/\/api.w.org\/{rel}","templated":true}]}}