{"id":19,"date":"2018-12-03T21:09:01","date_gmt":"2018-12-03T21:09:01","guid":{"rendered":"https:\/\/stellecittadinanzaitaliana.com\/?page_id=19"},"modified":"2019-02-14T17:23:14","modified_gmt":"2019-02-14T17:23:14","slug":"cidadania","status":"publish","type":"page","link":"https:\/\/stellecittadinanzaitaliana.com\/en\/cidadania\/","title":{"rendered":"Italian Citizen"},"content":{"rendered":"<p><img loading=\"lazy\" decoding=\"async\" class=\"alignnone size-full wp-image-796\" src=\"https:\/\/stellecittadinanzaitaliana.com\/wp-content\/uploads\/2019\/02\/MG_2057-e1549414453725.jpg\" alt=\"\" width=\"900\" height=\"600\" \/><\/p>\n<p>Italian citizenship is guaranteed by jus sanguinis (blood right, in the Latin expression), that is, it can be acquired by descendants of Italian origin (children, grandchildren, great-grandchildren, etc.) and also by spouses.<\/p>\n<p>The singular thing about Italian citizenship is that it has no generation limit, allowing anyone with Italian ancestry to apply for it, provided it presents all the necessary documentation. However, we must be aware because there are limitations in the law when the transmission is through the maternal line.<\/p>\n<p><b>By knowing that every person who seeks dual citizenship has a dream and a unique history, STELLE CITTADINANZA ITALIANA&#8217;s team treats each process in a unique and dedicated way.<\/b><\/p>\n<p><b>COME MAKE YOUR RECOGNITION WITH US!!<\/b><\/p>\n<p><i>\u201cSe il vento comincia a soffiare verso la prua, non piangere, non tornare indietro, ma prendi in mano i remi e vai verso la tua isola felice, conquista ci\u00f2 che vuoi.<\/i>\u201d<\/p>\n<p>Alberto Jess<\/p>\n<p>This phrase under the Mussolini monument<\/p>\n<p><i>\u201cE con le mani amore, per le mani ti prender\u00f2. E\u00a0senza dire parole nel mio cuore ti porter\u00f2.\u00a0E non avr\u00f2 paura se non sar\u00f2 bella come dici tu, ma voleremo in cielo in carne ed ossa, non torneremo pi\u00f9\u2026\u201d<\/i><\/p>\n<p>&#8220;La donna cannone&#8221;, Francesco De Gregori<\/p>\n<p>This phrase under the photo of the city<\/p>\n<blockquote><p>\u201c\u2026La cittadinanza italiana \u00e8 una eredit\u00e0 eterna.\u201d<\/p><\/blockquote>\n<p>&nbsp;<\/p>","protected":false},"excerpt":{"rendered":"<p>Italian citizenship is guaranteed by jus sanguinis (blood right, in the Latin expression), that is, it can be acquired by descendants of Italian origin (children, grandchildren, great-grandchildren, etc.) and also by spouses. The singular thing about Italian citizenship is that [&hellip;]<\/p>\n","protected":false},"author":1,"featured_media":0,"parent":0,"menu_order":0,"comment_status":"closed","ping_status":"closed","template":"","meta":{"footnotes":""},"class_list":["post-19","page","type-page","status-publish","hentry","clearfix"],"yoast_head":"<!-- This site is optimized with the Yoast SEO plugin v23.0 - https:\/\/yoast.com\/wordpress\/plugins\/seo\/ -->\n<title>Italian Citizen - Stelle Cidadania<\/title>\n<meta name=\"robots\" content=\"index, follow, max-snippet:-1, max-image-preview:large, max-video-preview:-1\" \/>\n<link rel=\"canonical\" href=\"https:\/\/www.stellecittadinanzaitaliana.com\/cidadania\/\" \/>\n<meta property=\"og:locale\" content=\"en_US\" \/>\n<meta property=\"og:type\" content=\"article\" \/>\n<meta property=\"og:title\" content=\"Italian Citizen - Stelle Cidadania\" \/>\n<meta property=\"og:description\" content=\"Italian citizenship is guaranteed by jus sanguinis (blood right, in the Latin expression), that is, it can be acquired by descendants of Italian origin (children, grandchildren, great-grandchildren, etc.) and also by spouses. The singular thing about Italian citizenship is that [&hellip;]\" \/>\n<meta property=\"og:url\" content=\"https:\/\/www.stellecittadinanzaitaliana.com\/cidadania\/\" \/>\n<meta property=\"og:site_name\" content=\"Stelle Cidadania\" \/>\n<meta property=\"article:modified_time\" content=\"2019-02-14T17:23:14+00:00\" \/>\n<meta property=\"og:image\" content=\"https:\/\/stellecittadinanzaitaliana.com\/wp-content\/uploads\/2019\/02\/MG_2057-e1549414453725.jpg\" \/>\n<meta name=\"twitter:card\" content=\"summary_large_image\" \/>\n<meta name=\"twitter:label1\" content=\"Est. reading time\" \/>\n\t<meta name=\"twitter:data1\" content=\"2 minutes\" \/>\n<script type=\"application\/ld+json\" class=\"yoast-schema-graph\">{\"@context\":\"https:\/\/schema.org\",\"@graph\":[{\"@type\":\"WebPage\",\"@id\":\"https:\/\/www.stellecittadinanzaitaliana.com\/cidadania\/\",\"url\":\"https:\/\/www.stellecittadinanzaitaliana.com\/cidadania\/\",\"name\":\"Italian Citizen - Stelle Cidadania\",\"isPartOf\":{\"@id\":\"https:\/\/stellecittadinanzaitaliana.com\/#website\"},\"primaryImageOfPage\":{\"@id\":\"https:\/\/www.stellecittadinanzaitaliana.com\/cidadania\/#primaryimage\"},\"image\":{\"@id\":\"https:\/\/www.stellecittadinanzaitaliana.com\/cidadania\/#primaryimage\"},\"thumbnailUrl\":\"https:\/\/stellecittadinanzaitaliana.com\/wp-content\/uploads\/2019\/02\/MG_2057-e1549414453725.jpg\",\"datePublished\":\"2018-12-03T21:09:01+00:00\",\"dateModified\":\"2019-02-14T17:23:14+00:00\",\"breadcrumb\":{\"@id\":\"https:\/\/www.stellecittadinanzaitaliana.com\/cidadania\/#breadcrumb\"},\"inLanguage\":\"en-US\",\"potentialAction\":[{\"@type\":\"ReadAction\",\"target\":[\"https:\/\/www.stellecittadinanzaitaliana.com\/cidadania\/\"]}]},{\"@type\":\"ImageObject\",\"inLanguage\":\"en-US\",\"@id\":\"https:\/\/www.stellecittadinanzaitaliana.com\/cidadania\/#primaryimage\",\"url\":\"https:\/\/stellecittadinanzaitaliana.com\/wp-content\/uploads\/2019\/02\/MG_2057-e1549414453725.jpg\",\"contentUrl\":\"https:\/\/stellecittadinanzaitaliana.com\/wp-content\/uploads\/2019\/02\/MG_2057-e1549414453725.jpg\"},{\"@type\":\"BreadcrumbList\",\"@id\":\"https:\/\/www.stellecittadinanzaitaliana.com\/cidadania\/#breadcrumb\",\"itemListElement\":[{\"@type\":\"ListItem\",\"position\":1,\"name\":\"In\u00edcio\",\"item\":\"https:\/\/stellecittadinanzaitaliana.com\/\"},{\"@type\":\"ListItem\",\"position\":2,\"name\":\"Cidadania\"}]},{\"@type\":\"WebSite\",\"@id\":\"https:\/\/stellecittadinanzaitaliana.com\/#website\",\"url\":\"https:\/\/stellecittadinanzaitaliana.com\/\",\"name\":\"Stelle Cidadania\",\"description\":\"Cidadania Italiana\",\"publisher\":{\"@id\":\"https:\/\/stellecittadinanzaitaliana.com\/#organization\"},\"potentialAction\":[{\"@type\":\"SearchAction\",\"target\":{\"@type\":\"EntryPoint\",\"urlTemplate\":\"https:\/\/stellecittadinanzaitaliana.com\/?s={search_term_string}\"},\"query-input\":\"required name=search_term_string\"}],\"inLanguage\":\"en-US\"},{\"@type\":\"Organization\",\"@id\":\"https:\/\/stellecittadinanzaitaliana.com\/#organization\",\"name\":\"Stelle Cidadania\",\"url\":\"https:\/\/stellecittadinanzaitaliana.com\/\",\"logo\":{\"@type\":\"ImageObject\",\"inLanguage\":\"en-US\",\"@id\":\"https:\/\/stellecittadinanzaitaliana.com\/#\/schema\/logo\/image\/\",\"url\":\"https:\/\/stellecittadinanzaitaliana.com\/wp-content\/uploads\/2019\/01\/cropped-logo-stelle.png\",\"contentUrl\":\"https:\/\/stellecittadinanzaitaliana.com\/wp-content\/uploads\/2019\/01\/cropped-logo-stelle.png\",\"width\":200,\"height\":80,\"caption\":\"Stelle Cidadania\"},\"image\":{\"@id\":\"https:\/\/stellecittadinanzaitaliana.com\/#\/schema\/logo\/image\/\"}}]}<\/script>\n<!-- \/ Yoast SEO plugin. -->","yoast_head_json":{"title":"Italian Citizen - Stelle Cidadania","robots":{"index":"index","follow":"follow","max-snippet":"max-snippet:-1","max-image-preview":"max-image-preview:large","max-video-preview":"max-video-preview:-1"},"canonical":"https:\/\/www.stellecittadinanzaitaliana.com\/cidadania\/","og_locale":"en_US","og_type":"article","og_title":"Italian Citizen - Stelle Cidadania","og_description":"Italian citizenship is guaranteed by jus sanguinis (blood right, in the Latin expression), that is, it can be acquired by descendants of Italian origin (children, grandchildren, great-grandchildren, etc.) and also by spouses. The singular thing about Italian citizenship is that [&hellip;]","og_url":"https:\/\/www.stellecittadinanzaitaliana.com\/cidadania\/","og_site_name":"Stelle Cidadania","article_modified_time":"2019-02-14T17:23:14+00:00","og_image":[{"url":"https:\/\/stellecittadinanzaitaliana.com\/wp-content\/uploads\/2019\/02\/MG_2057-e1549414453725.jpg"}],"twitter_card":"summary_large_image","twitter_misc":{"Est. reading time":"2 minutes"},"schema":{"@context":"https:\/\/schema.org","@graph":[{"@type":"WebPage","@id":"https:\/\/www.stellecittadinanzaitaliana.com\/cidadania\/","url":"https:\/\/www.stellecittadinanzaitaliana.com\/cidadania\/","name":"Italian Citizen - Stelle Cidadania","isPartOf":{"@id":"https:\/\/stellecittadinanzaitaliana.com\/#website"},"primaryImageOfPage":{"@id":"https:\/\/www.stellecittadinanzaitaliana.com\/cidadania\/#primaryimage"},"image":{"@id":"https:\/\/www.stellecittadinanzaitaliana.com\/cidadania\/#primaryimage"},"thumbnailUrl":"https:\/\/stellecittadinanzaitaliana.com\/wp-content\/uploads\/2019\/02\/MG_2057-e1549414453725.jpg","datePublished":"2018-12-03T21:09:01+00:00","dateModified":"2019-02-14T17:23:14+00:00","breadcrumb":{"@id":"https:\/\/www.stellecittadinanzaitaliana.com\/cidadania\/#breadcrumb"},"inLanguage":"en-US","potentialAction":[{"@type":"ReadAction","target":["https:\/\/www.stellecittadinanzaitaliana.com\/cidadania\/"]}]},{"@type":"ImageObject","inLanguage":"en-US","@id":"https:\/\/www.stellecittadinanzaitaliana.com\/cidadania\/#primaryimage","url":"https:\/\/stellecittadinanzaitaliana.com\/wp-content\/uploads\/2019\/02\/MG_2057-e1549414453725.jpg","contentUrl":"https:\/\/stellecittadinanzaitaliana.com\/wp-content\/uploads\/2019\/02\/MG_2057-e1549414453725.jpg"},{"@type":"BreadcrumbList","@id":"https:\/\/www.stellecittadinanzaitaliana.com\/cidadania\/#breadcrumb","itemListElement":[{"@type":"ListItem","position":1,"name":"In\u00edcio","item":"https:\/\/stellecittadinanzaitaliana.com\/"},{"@type":"ListItem","position":2,"name":"Cidadania"}]},{"@type":"WebSite","@id":"https:\/\/stellecittadinanzaitaliana.com\/#website","url":"https:\/\/stellecittadinanzaitaliana.com\/","name":"Stelle Cidadania","description":"Cidadania Italiana","publisher":{"@id":"https:\/\/stellecittadinanzaitaliana.com\/#organization"},"potentialAction":[{"@type":"SearchAction","target":{"@type":"EntryPoint","urlTemplate":"https:\/\/stellecittadinanzaitaliana.com\/?s={search_term_string}"},"query-input":"required name=search_term_string"}],"inLanguage":"en-US"},{"@type":"Organization","@id":"https:\/\/stellecittadinanzaitaliana.com\/#organization","name":"Stelle Cidadania","url":"https:\/\/stellecittadinanzaitaliana.com\/","logo":{"@type":"ImageObject","inLanguage":"en-US","@id":"https:\/\/stellecittadinanzaitaliana.com\/#\/schema\/logo\/image\/","url":"https:\/\/stellecittadinanzaitaliana.com\/wp-content\/uploads\/2019\/01\/cropped-logo-stelle.png","contentUrl":"https:\/\/stellecittadinanzaitaliana.com\/wp-content\/uploads\/2019\/01\/cropped-logo-stelle.png","width":200,"height":80,"caption":"Stelle Cidadania"},"image":{"@id":"https:\/\/stellecittadinanzaitaliana.com\/#\/schema\/logo\/image\/"}}]}},"_links":{"self":[{"href":"https:\/\/stellecittadinanzaitaliana.com\/en\/wp-json\/wp\/v2\/pages\/19","targetHints":{"allow":["GET"]}}],"collection":[{"href":"https:\/\/stellecittadinanzaitaliana.com\/en\/wp-json\/wp\/v2\/pages"}],"about":[{"href":"https:\/\/stellecittadinanzaitaliana.com\/en\/wp-json\/wp\/v2\/types\/page"}],"author":[{"embeddable":true,"href":"https:\/\/stellecittadinanzaitaliana.com\/en\/wp-json\/wp\/v2\/users\/1"}],"replies":[{"embeddable":true,"href":"https:\/\/stellecittadinanzaitaliana.com\/en\/wp-json\/wp\/v2\/comments?post=19"}],"version-history":[{"count":7,"href":"https:\/\/stellecittadinanzaitaliana.com\/en\/wp-json\/wp\/v2\/pages\/19\/revisions"}],"predecessor-version":[{"id":804,"href":"https:\/\/stellecittadinanzaitaliana.com\/en\/wp-json\/wp\/v2\/pages\/19\/revisions\/804"}],"wp:attachment":[{"href":"https:\/\/stellecittadinanzaitaliana.com\/en\/wp-json\/wp\/v2\/media?parent=19"}],"curies":[{"name":"wp","href":"https:\/\/api.w.org\/{rel}","templated":true}]}}